{"id":89,"date":"2024-09-25T19:46:24","date_gmt":"2024-09-25T19:46:24","guid":{"rendered":"http:\/\/uudetsivut.kehonhuoltopiste.fi\/?page_id=89"},"modified":"2024-09-27T20:09:44","modified_gmt":"2024-09-27T20:09:44","slug":"osteopatia","status":"publish","type":"page","link":"https:\/\/uudetsivut.kehonhuoltopiste.fi\/?page_id=89","title":{"rendered":"Osteopatia"},"content":{"rendered":"<p><strong>Osteopaatti<\/strong>&nbsp;on tuki- ja liikuntaelinvaivojen asiantuntija, jonka&nbsp;t\u00e4rkein teht\u00e4v\u00e4 on l\u00f6yt\u00e4\u00e4 vaivoihin niiden oikea syy ja tunnistaa mahdollisen jatkohoidon tarve. N\u00e4in ollen osteopaatin&nbsp;ty\u00f6n perusta on tarkka haastattelu ja kliininen tutkiminen. Ty\u00f6ss\u00e4\u00e4n osteopaatti k\u00e4ytt\u00e4\u00e4 noin 800 l\u00e4nsimaisen l\u00e4\u00e4ketieteen kliinist\u00e4 testi\u00e4, joiden avulla p\u00e4\u00e4st\u00e4\u00e4n tarkkaan&nbsp;osteopaattiseen&nbsp;diagnoosiin.<\/p><p>Hoitoina k\u00e4ytet\u00e4\u00e4n terapeuttisen harjoittelun ohjaamista asiakkaalle, nivelten manipulaatioita ja mobilisaatioita sek\u00e4 erilaisia pehmytkudosten hoitotekniikoita. Lis\u00e4ksi jokainen hoitokerta dokumentoidaan ja tarvittaessa tehd\u00e4\u00e4n palaute jatkotutkimuksiin erikoisl\u00e4\u00e4k\u00e4rille tai muulle terveydenhuollon ammattilaiselle.<\/p><p>Osteopaatti&nbsp;hallitsee traumatologiassa tyypilliset ty\u00f6- ja urheiluper\u00e4iset vammat sek\u00e4 eri-ik\u00e4isten ihmisten tuki- ja liikuntaelin vaivat. Nivelongelmia hoidetaan pehmeill\u00e4 ja rauhallisilla mobilisaatiotekniikoilla kivun lievitt\u00e4miseksi ja\/tai liikelaajuuden palauttamiseksi. Tarvittaessa voidaan suorittaa&nbsp;manipulaatihoito&nbsp;eli kohdistettu, tarkkarajainen impulssi, joka ohjaa nivelpintoja erilleen toisistaan, kuitenkin niin ett\u00e4 pysyt\u00e4\u00e4n nivelen normaalissa fysiologisessa liikelaajuudessa. Terapeuttisen harjoittelun ohjaus sis\u00e4lt\u00e4\u00e4 erilaisia asiakkaan kotona tai ty\u00f6paikalla suorittamia liikeharjoituksia, lihasten venytyksi\u00e4 ja vahvistuksia tai nivelten omamobilisaatioita. Terapeuttisen harjoittelun tavoitteena on tukea kehon omaa paranemisprosessia ja est\u00e4\u00e4 mahdollisten uusien oireiden syntyminen.<\/p><p>Pehmytkudostekniikoista k\u00e4ytet\u00e4\u00e4n muun muassa&nbsp;trigger painantaa&nbsp;ja&nbsp;myofaskia-&nbsp;eli lihaskalvotekniikoita.&nbsp;Osteopaatti&nbsp;pystyy tarvittaessa my\u00f6s rentouttaviin hierontaotteisiin, vaikka ne eiv\u00e4t hoidon painopisteen\u00e4 olekaan.<\/p><p>Ensik\u00e4yntiin kuuluu aina perusteellinen haastattelu ja tutkimus, jossa kartoitetaan t\u00e4m\u00e4n hetkinen terveydentila sek\u00e4 tehd\u00e4\u00e4n hoitosuunnitelma.<\/p><div class=\"wp-block-media-text has-media-on-the-right is-stacked-on-mobile is-vertically-aligned-center\" style=\"grid-template-columns:auto 42%\"><div class=\"wp-block-media-text__content\"><p><em>Osteopaattimme Marita Salmisen kanssa p\u00e4\u00e4set pureutumaan ongelmasi juurisyyhyn, saat ammattitaitoista hoitoa sek\u00e4 jatko-ohjeita.<\/em><\/p><\/div><figure class=\"wp-block-media-text__media\"><img loading=\"lazy\" decoding=\"async\" width=\"390\" height=\"480\" src=\"http:\/\/uudetsivut.kehonhuoltopiste.fi\/wp-content\/uploads\/2024\/09\/Marita-Osteopaatti-Jarvenpaa.jpg\" alt=\"\" class=\"wp-image-90 size-full\" srcset=\"https:\/\/uudetsivut.kehonhuoltopiste.fi\/wp-content\/uploads\/2024\/09\/Marita-Osteopaatti-Jarvenpaa.jpg 390w, https:\/\/uudetsivut.kehonhuoltopiste.fi\/wp-content\/uploads\/2024\/09\/Marita-Osteopaatti-Jarvenpaa-244x300.jpg 244w\" sizes=\"(max-width: 390px) 100vw, 390px\" \/><\/figure><\/div><p><\/p>","protected":false},"excerpt":{"rendered":"<p>Osteopaatti&nbsp;on tuki- ja liikuntaelinvaivojen asiantuntija, jonka&nbsp;t\u00e4rkein teht\u00e4v\u00e4 on l\u00f6yt\u00e4\u00e4 vaivoihin niiden oikea syy ja tunnistaa mahdollisen jatkohoidon tarve. N\u00e4in ollen osteopaatin&nbsp;ty\u00f6n perusta on tarkka haastattelu ja kliininen tutkiminen. Ty\u00f6ss\u00e4\u00e4n osteopaatti k\u00e4ytt\u00e4\u00e4 noin 800 l\u00e4nsimaisen l\u00e4\u00e4ketieteen kliinist\u00e4 testi\u00e4, joiden avulla p\u00e4\u00e4st\u00e4\u00e4n tarkkaan&nbsp;osteopaattiseen&nbsp;diagnoosiin. Hoitoina k\u00e4ytet\u00e4\u00e4n terapeuttisen harjoittelun ohjaamista asiakkaalle, nivelten manipulaatioita ja mobilisaatioita sek\u00e4 erilaisia pehmytkudosten hoitotekniikoita.<br \/><a class=\"btn btn-tislider blog-readmore\" href=\"https:\/\/uudetsivut.kehonhuoltopiste.fi\/?page_id=89\">Read More<\/a><\/p>\n","protected":false},"author":1,"featured_media":0,"parent":18,"menu_order":0,"comment_status":"closed","ping_status":"closed","template":"","meta":{"footnotes":""},"class_list":["post-89","page","type-page","status-publish","hentry"],"yoast_head":"<!-- This site is optimized with the Yoast SEO plugin v25.6 - https:\/\/yoast.com\/wordpress\/plugins\/seo\/ -->\n<title>Osteopatia - Kehonhuoltopiste Fixme<\/title>\n<meta name=\"robots\" content=\"index, follow, max-snippet:-1, max-image-preview:large, max-video-preview:-1\" \/>\n<link rel=\"canonical\" href=\"https:\/\/uudetsivut.kehonhuoltopiste.fi\/?page_id=89\" \/>\n<meta property=\"og:locale\" content=\"fi_FI\" \/>\n<meta property=\"og:type\" content=\"article\" \/>\n<meta property=\"og:title\" content=\"Osteopatia - Kehonhuoltopiste Fixme\" \/>\n<meta property=\"og:description\" content=\"Osteopaatti&nbsp;on tuki- ja liikuntaelinvaivojen asiantuntija, jonka&nbsp;t\u00e4rkein teht\u00e4v\u00e4 on l\u00f6yt\u00e4\u00e4 vaivoihin niiden oikea syy ja tunnistaa mahdollisen jatkohoidon tarve. N\u00e4in ollen osteopaatin&nbsp;ty\u00f6n perusta on tarkka haastattelu ja kliininen tutkiminen. Ty\u00f6ss\u00e4\u00e4n osteopaatti k\u00e4ytt\u00e4\u00e4 noin 800 l\u00e4nsimaisen l\u00e4\u00e4ketieteen kliinist\u00e4 testi\u00e4, joiden avulla p\u00e4\u00e4st\u00e4\u00e4n tarkkaan&nbsp;osteopaattiseen&nbsp;diagnoosiin. Hoitoina k\u00e4ytet\u00e4\u00e4n terapeuttisen harjoittelun ohjaamista asiakkaalle, nivelten manipulaatioita ja mobilisaatioita sek\u00e4 erilaisia pehmytkudosten hoitotekniikoita.Read More\" \/>\n<meta property=\"og:url\" content=\"https:\/\/uudetsivut.kehonhuoltopiste.fi\/?page_id=89\" \/>\n<meta property=\"og:site_name\" content=\"Kehonhuoltopiste Fixme\" \/>\n<meta property=\"article:publisher\" content=\"https:\/\/www.facebook.com\/kehonhuoltopiste\/\" \/>\n<meta property=\"article:modified_time\" content=\"2024-09-27T20:09:44+00:00\" \/>\n<meta property=\"og:image\" content=\"http:\/\/uudetsivut.kehonhuoltopiste.fi\/wp-content\/uploads\/2024\/09\/Marita-Osteopaatti-Jarvenpaa.jpg\" \/>\n<meta name=\"twitter:card\" content=\"summary_large_image\" \/>\n<meta name=\"twitter:label1\" content=\"Arvioitu lukuaika\" \/>\n\t<meta name=\"twitter:data1\" content=\"1 minuutti\" \/>\n<script type=\"application\/ld+json\" class=\"yoast-schema-graph\">{\"@context\":\"https:\/\/schema.org\",\"@graph\":[{\"@type\":\"WebPage\",\"@id\":\"https:\/\/uudetsivut.kehonhuoltopiste.fi\/?page_id=89\",\"url\":\"https:\/\/uudetsivut.kehonhuoltopiste.fi\/?page_id=89\",\"name\":\"Osteopatia - Kehonhuoltopiste Fixme\",\"isPartOf\":{\"@id\":\"https:\/\/uudetsivut.kehonhuoltopiste.fi\/#website\"},\"primaryImageOfPage\":{\"@id\":\"https:\/\/uudetsivut.kehonhuoltopiste.fi\/?page_id=89#primaryimage\"},\"image\":{\"@id\":\"https:\/\/uudetsivut.kehonhuoltopiste.fi\/?page_id=89#primaryimage\"},\"thumbnailUrl\":\"http:\/\/uudetsivut.kehonhuoltopiste.fi\/wp-content\/uploads\/2024\/09\/Marita-Osteopaatti-Jarvenpaa.jpg\",\"datePublished\":\"2024-09-25T19:46:24+00:00\",\"dateModified\":\"2024-09-27T20:09:44+00:00\",\"breadcrumb\":{\"@id\":\"https:\/\/uudetsivut.kehonhuoltopiste.fi\/?page_id=89#breadcrumb\"},\"inLanguage\":\"fi\",\"potentialAction\":[{\"@type\":\"ReadAction\",\"target\":[\"https:\/\/uudetsivut.kehonhuoltopiste.fi\/?page_id=89\"]}]},{\"@type\":\"ImageObject\",\"inLanguage\":\"fi\",\"@id\":\"https:\/\/uudetsivut.kehonhuoltopiste.fi\/?page_id=89#primaryimage\",\"url\":\"https:\/\/uudetsivut.kehonhuoltopiste.fi\/wp-content\/uploads\/2024\/09\/Marita-Osteopaatti-Jarvenpaa.jpg\",\"contentUrl\":\"https:\/\/uudetsivut.kehonhuoltopiste.fi\/wp-content\/uploads\/2024\/09\/Marita-Osteopaatti-Jarvenpaa.jpg\",\"width\":390,\"height\":480,\"caption\":\"Marita Salminen, Osteopaatti\"},{\"@type\":\"BreadcrumbList\",\"@id\":\"https:\/\/uudetsivut.kehonhuoltopiste.fi\/?page_id=89#breadcrumb\",\"itemListElement\":[{\"@type\":\"ListItem\",\"position\":1,\"name\":\"Etusivu\",\"item\":\"https:\/\/uudetsivut.kehonhuoltopiste.fi\/\"},{\"@type\":\"ListItem\",\"position\":2,\"name\":\"Palvelut\",\"item\":\"https:\/\/uudetsivut.kehonhuoltopiste.fi\/?page_id=18\"},{\"@type\":\"ListItem\",\"position\":3,\"name\":\"Osteopatia\"}]},{\"@type\":\"WebSite\",\"@id\":\"https:\/\/uudetsivut.kehonhuoltopiste.fi\/#website\",\"url\":\"https:\/\/uudetsivut.kehonhuoltopiste.fi\/\",\"name\":\"Kehonhuoltopiste Fixme\",\"description\":\"Hieronta, osteopatia, jalkaterapia, purentalihasten hoito\",\"publisher\":{\"@id\":\"https:\/\/uudetsivut.kehonhuoltopiste.fi\/#organization\"},\"potentialAction\":[{\"@type\":\"SearchAction\",\"target\":{\"@type\":\"EntryPoint\",\"urlTemplate\":\"https:\/\/uudetsivut.kehonhuoltopiste.fi\/?s={search_term_string}\"},\"query-input\":{\"@type\":\"PropertyValueSpecification\",\"valueRequired\":true,\"valueName\":\"search_term_string\"}}],\"inLanguage\":\"fi\"},{\"@type\":\"Organization\",\"@id\":\"https:\/\/uudetsivut.kehonhuoltopiste.fi\/#organization\",\"name\":\"Kehonhuoltopiste Fixme\",\"url\":\"https:\/\/uudetsivut.kehonhuoltopiste.fi\/\",\"logo\":{\"@type\":\"ImageObject\",\"inLanguage\":\"fi\",\"@id\":\"https:\/\/uudetsivut.kehonhuoltopiste.fi\/#\/schema\/logo\/image\/\",\"url\":\"https:\/\/uudetsivut.kehonhuoltopiste.fi\/wp-content\/uploads\/2024\/09\/Fixme_tummaharmaa_valkoinen-e1559033632965.png\",\"contentUrl\":\"https:\/\/uudetsivut.kehonhuoltopiste.fi\/wp-content\/uploads\/2024\/09\/Fixme_tummaharmaa_valkoinen-e1559033632965.png\",\"width\":150,\"height\":150,\"caption\":\"Kehonhuoltopiste Fixme\"},\"image\":{\"@id\":\"https:\/\/uudetsivut.kehonhuoltopiste.fi\/#\/schema\/logo\/image\/\"},\"sameAs\":[\"https:\/\/www.facebook.com\/kehonhuoltopiste\/\",\"https:\/\/www.instagram.com\/kehonhuoltopistefixme\/\"]}]}<\/script>\n<!-- \/ Yoast SEO plugin. -->","yoast_head_json":{"title":"Osteopatia - Kehonhuoltopiste Fixme","robots":{"index":"index","follow":"follow","max-snippet":"max-snippet:-1","max-image-preview":"max-image-preview:large","max-video-preview":"max-video-preview:-1"},"canonical":"https:\/\/uudetsivut.kehonhuoltopiste.fi\/?page_id=89","og_locale":"fi_FI","og_type":"article","og_title":"Osteopatia - Kehonhuoltopiste Fixme","og_description":"Osteopaatti&nbsp;on tuki- ja liikuntaelinvaivojen asiantuntija, jonka&nbsp;t\u00e4rkein teht\u00e4v\u00e4 on l\u00f6yt\u00e4\u00e4 vaivoihin niiden oikea syy ja tunnistaa mahdollisen jatkohoidon tarve. N\u00e4in ollen osteopaatin&nbsp;ty\u00f6n perusta on tarkka haastattelu ja kliininen tutkiminen. Ty\u00f6ss\u00e4\u00e4n osteopaatti k\u00e4ytt\u00e4\u00e4 noin 800 l\u00e4nsimaisen l\u00e4\u00e4ketieteen kliinist\u00e4 testi\u00e4, joiden avulla p\u00e4\u00e4st\u00e4\u00e4n tarkkaan&nbsp;osteopaattiseen&nbsp;diagnoosiin. Hoitoina k\u00e4ytet\u00e4\u00e4n terapeuttisen harjoittelun ohjaamista asiakkaalle, nivelten manipulaatioita ja mobilisaatioita sek\u00e4 erilaisia pehmytkudosten hoitotekniikoita.Read More","og_url":"https:\/\/uudetsivut.kehonhuoltopiste.fi\/?page_id=89","og_site_name":"Kehonhuoltopiste Fixme","article_publisher":"https:\/\/www.facebook.com\/kehonhuoltopiste\/","article_modified_time":"2024-09-27T20:09:44+00:00","og_image":[{"url":"http:\/\/uudetsivut.kehonhuoltopiste.fi\/wp-content\/uploads\/2024\/09\/Marita-Osteopaatti-Jarvenpaa.jpg","type":"","width":"","height":""}],"twitter_card":"summary_large_image","twitter_misc":{"Arvioitu lukuaika":"1 minuutti"},"schema":{"@context":"https:\/\/schema.org","@graph":[{"@type":"WebPage","@id":"https:\/\/uudetsivut.kehonhuoltopiste.fi\/?page_id=89","url":"https:\/\/uudetsivut.kehonhuoltopiste.fi\/?page_id=89","name":"Osteopatia - Kehonhuoltopiste Fixme","isPartOf":{"@id":"https:\/\/uudetsivut.kehonhuoltopiste.fi\/#website"},"primaryImageOfPage":{"@id":"https:\/\/uudetsivut.kehonhuoltopiste.fi\/?page_id=89#primaryimage"},"image":{"@id":"https:\/\/uudetsivut.kehonhuoltopiste.fi\/?page_id=89#primaryimage"},"thumbnailUrl":"http:\/\/uudetsivut.kehonhuoltopiste.fi\/wp-content\/uploads\/2024\/09\/Marita-Osteopaatti-Jarvenpaa.jpg","datePublished":"2024-09-25T19:46:24+00:00","dateModified":"2024-09-27T20:09:44+00:00","breadcrumb":{"@id":"https:\/\/uudetsivut.kehonhuoltopiste.fi\/?page_id=89#breadcrumb"},"inLanguage":"fi","potentialAction":[{"@type":"ReadAction","target":["https:\/\/uudetsivut.kehonhuoltopiste.fi\/?page_id=89"]}]},{"@type":"ImageObject","inLanguage":"fi","@id":"https:\/\/uudetsivut.kehonhuoltopiste.fi\/?page_id=89#primaryimage","url":"https:\/\/uudetsivut.kehonhuoltopiste.fi\/wp-content\/uploads\/2024\/09\/Marita-Osteopaatti-Jarvenpaa.jpg","contentUrl":"https:\/\/uudetsivut.kehonhuoltopiste.fi\/wp-content\/uploads\/2024\/09\/Marita-Osteopaatti-Jarvenpaa.jpg","width":390,"height":480,"caption":"Marita Salminen, Osteopaatti"},{"@type":"BreadcrumbList","@id":"https:\/\/uudetsivut.kehonhuoltopiste.fi\/?page_id=89#breadcrumb","itemListElement":[{"@type":"ListItem","position":1,"name":"Etusivu","item":"https:\/\/uudetsivut.kehonhuoltopiste.fi\/"},{"@type":"ListItem","position":2,"name":"Palvelut","item":"https:\/\/uudetsivut.kehonhuoltopiste.fi\/?page_id=18"},{"@type":"ListItem","position":3,"name":"Osteopatia"}]},{"@type":"WebSite","@id":"https:\/\/uudetsivut.kehonhuoltopiste.fi\/#website","url":"https:\/\/uudetsivut.kehonhuoltopiste.fi\/","name":"Kehonhuoltopiste Fixme","description":"Hieronta, osteopatia, jalkaterapia, purentalihasten hoito","publisher":{"@id":"https:\/\/uudetsivut.kehonhuoltopiste.fi\/#organization"},"potentialAction":[{"@type":"SearchAction","target":{"@type":"EntryPoint","urlTemplate":"https:\/\/uudetsivut.kehonhuoltopiste.fi\/?s={search_term_string}"},"query-input":{"@type":"PropertyValueSpecification","valueRequired":true,"valueName":"search_term_string"}}],"inLanguage":"fi"},{"@type":"Organization","@id":"https:\/\/uudetsivut.kehonhuoltopiste.fi\/#organization","name":"Kehonhuoltopiste Fixme","url":"https:\/\/uudetsivut.kehonhuoltopiste.fi\/","logo":{"@type":"ImageObject","inLanguage":"fi","@id":"https:\/\/uudetsivut.kehonhuoltopiste.fi\/#\/schema\/logo\/image\/","url":"https:\/\/uudetsivut.kehonhuoltopiste.fi\/wp-content\/uploads\/2024\/09\/Fixme_tummaharmaa_valkoinen-e1559033632965.png","contentUrl":"https:\/\/uudetsivut.kehonhuoltopiste.fi\/wp-content\/uploads\/2024\/09\/Fixme_tummaharmaa_valkoinen-e1559033632965.png","width":150,"height":150,"caption":"Kehonhuoltopiste Fixme"},"image":{"@id":"https:\/\/uudetsivut.kehonhuoltopiste.fi\/#\/schema\/logo\/image\/"},"sameAs":["https:\/\/www.facebook.com\/kehonhuoltopiste\/","https:\/\/www.instagram.com\/kehonhuoltopistefixme\/"]}]}},"_links":{"self":[{"href":"https:\/\/uudetsivut.kehonhuoltopiste.fi\/index.php?rest_route=\/wp\/v2\/pages\/89"}],"collection":[{"href":"https:\/\/uudetsivut.kehonhuoltopiste.fi\/index.php?rest_route=\/wp\/v2\/pages"}],"about":[{"href":"https:\/\/uudetsivut.kehonhuoltopiste.fi\/index.php?rest_route=\/wp\/v2\/types\/page"}],"author":[{"embeddable":true,"href":"https:\/\/uudetsivut.kehonhuoltopiste.fi\/index.php?rest_route=\/wp\/v2\/users\/1"}],"replies":[{"embeddable":true,"href":"https:\/\/uudetsivut.kehonhuoltopiste.fi\/index.php?rest_route=%2Fwp%2Fv2%2Fcomments&post=89"}],"version-history":[{"count":3,"href":"https:\/\/uudetsivut.kehonhuoltopiste.fi\/index.php?rest_route=\/wp\/v2\/pages\/89\/revisions"}],"predecessor-version":[{"id":210,"href":"https:\/\/uudetsivut.kehonhuoltopiste.fi\/index.php?rest_route=\/wp\/v2\/pages\/89\/revisions\/210"}],"up":[{"embeddable":true,"href":"https:\/\/uudetsivut.kehonhuoltopiste.fi\/index.php?rest_route=\/wp\/v2\/pages\/18"}],"wp:attachment":[{"href":"https:\/\/uudetsivut.kehonhuoltopiste.fi\/index.php?rest_route=%2Fwp%2Fv2%2Fmedia&parent=89"}],"curies":[{"name":"wp","href":"https:\/\/api.w.org\/{rel}","templated":true}]}}