{"id":74,"date":"2024-09-25T15:26:08","date_gmt":"2024-09-25T15:26:08","guid":{"rendered":"http:\/\/uudetsivut.kehonhuoltopiste.fi\/?page_id=74"},"modified":"2024-09-29T07:51:19","modified_gmt":"2024-09-29T07:51:19","slug":"etusivu-2","status":"publish","type":"page","link":"https:\/\/uudetsivut.kehonhuoltopiste.fi\/","title":{"rendered":"Etusivu"},"content":{"rendered":"<h4 class=\"wp-block-heading\">Tervetuloa Kehonhuoltopiste Fixmen kotisivuille! <\/h4><p>T\u00e4\u00e4lt\u00e4 l\u00f6yd\u00e4t tietoa tiimiimme kuuluvista kehonhuollon ammattilaisista sek\u00e4 tarjoamistamme palveluista. Lis\u00e4ksi voit <a href=\"http:\/\/uudetsivut.kehonhuoltopiste.fi\/?page_id=17\" data-type=\"page\" data-id=\"17\">varata ajan<\/a> palveluihimme ymp\u00e4ri vuorokauden sek\u00e4 halutessasi ostaa <a href=\"https:\/\/uudetsivut.kehonhuoltopiste.fi\/?page_id=158\" data-type=\"page\" data-id=\"158\">lahjakortteja<\/a>.<\/p><p>Palveluvalikoimaamme kuuluvat&nbsp;osteopatia,&nbsp;jalkaterapia, hieronta sek\u00e4 purentalihasten hoito. N\u00e4ist\u00e4 voit lukea lis\u00e4\u00e4 kohdasta <a href=\"http:\/\/uudetsivut.kehonhuoltopiste.fi\/?page_id=18\" data-type=\"page\" data-id=\"18\">palvelut<\/a>.<\/p><p>Kaikki&nbsp;<a href=\"http:\/\/uudetsivut.kehonhuoltopiste.fi\/?page_id=19\" data-type=\"page\" data-id=\"19\">tiimimme<\/a> j\u00e4senet&nbsp;ovat oman osaamisalueensa koulutuksen l\u00e4pik\u00e4yneit\u00e4 ammattilaisia usean vuoden kokemuksella ja ensisijainen tavoitteemme on edesauttaa asiakkaidemme kehon (ja samalla my\u00f6s mielen!) hyvinvointia jokaisen yksil\u00f6lliset tarpeet ja l\u00e4ht\u00f6kohdat huomioonottaen. <\/p><p>Toimipisteemme sijaitsee J\u00e4rvenp\u00e4\u00e4n Pajalassa l\u00e4hell\u00e4 J\u00e4rvenp\u00e4\u00e4n juna-asemaa ja autoille on parkkipaikkoja l\u00e4hist\u00f6ll\u00e4 runsaasti. Hoitolaamme on lis\u00e4ksi esteet\u00f6n sis\u00e4\u00e4nk\u00e4ynti. <\/p><p><strong>Tervetuloa kehonhuoltoon!<\/strong><\/p><div class=\"wp-block-buttons is-layout-flex wp-block-buttons-is-layout-flex\"><div class=\"wp-block-button\"><a class=\"wp-block-button__link wp-element-button\" href=\"https:\/\/uudetsivut.kehonhuoltopiste.fi\/?page_id=17\">Varaa aika<\/a><\/div><\/div><p><\/p>","protected":false},"excerpt":{"rendered":"<p>Tervetuloa Kehonhuoltopiste Fixmen kotisivuille! T\u00e4\u00e4lt\u00e4 l\u00f6yd\u00e4t tietoa tiimiimme kuuluvista kehonhuollon ammattilaisista sek\u00e4 tarjoamistamme palveluista. Lis\u00e4ksi voit varata ajan palveluihimme ymp\u00e4ri vuorokauden sek\u00e4 halutessasi ostaa lahjakortteja. Palveluvalikoimaamme kuuluvat&nbsp;osteopatia,&nbsp;jalkaterapia, hieronta sek\u00e4 purentalihasten hoito. N\u00e4ist\u00e4 voit lukea lis\u00e4\u00e4 kohdasta palvelut. Kaikki&nbsp;tiimimme j\u00e4senet&nbsp;ovat oman osaamisalueensa koulutuksen l\u00e4pik\u00e4yneit\u00e4 ammattilaisia usean vuoden kokemuksella ja ensisijainen tavoitteemme on edesauttaa asiakkaidemme kehon (ja<br \/><a class=\"btn btn-tislider blog-readmore\" href=\"https:\/\/uudetsivut.kehonhuoltopiste.fi\/\">Read More<\/a><\/p>\n","protected":false},"author":1,"featured_media":0,"parent":0,"menu_order":0,"comment_status":"closed","ping_status":"closed","template":"","meta":{"footnotes":""},"class_list":["post-74","page","type-page","status-publish","hentry"],"yoast_head":"<!-- This site is optimized with the Yoast SEO plugin v25.6 - https:\/\/yoast.com\/wordpress\/plugins\/seo\/ -->\n<title>Etusivu - Kehonhuoltopiste Fixme<\/title>\n<meta name=\"robots\" content=\"index, follow, max-snippet:-1, max-image-preview:large, max-video-preview:-1\" \/>\n<link rel=\"canonical\" href=\"https:\/\/uudetsivut.kehonhuoltopiste.fi\/\" \/>\n<meta property=\"og:locale\" content=\"fi_FI\" \/>\n<meta property=\"og:type\" content=\"article\" \/>\n<meta property=\"og:title\" content=\"Etusivu - Kehonhuoltopiste Fixme\" \/>\n<meta property=\"og:description\" content=\"Tervetuloa Kehonhuoltopiste Fixmen kotisivuille! T\u00e4\u00e4lt\u00e4 l\u00f6yd\u00e4t tietoa tiimiimme kuuluvista kehonhuollon ammattilaisista sek\u00e4 tarjoamistamme palveluista. Lis\u00e4ksi voit varata ajan palveluihimme ymp\u00e4ri vuorokauden sek\u00e4 halutessasi ostaa lahjakortteja. Palveluvalikoimaamme kuuluvat&nbsp;osteopatia,&nbsp;jalkaterapia, hieronta sek\u00e4 purentalihasten hoito. N\u00e4ist\u00e4 voit lukea lis\u00e4\u00e4 kohdasta palvelut. Kaikki&nbsp;tiimimme j\u00e4senet&nbsp;ovat oman osaamisalueensa koulutuksen l\u00e4pik\u00e4yneit\u00e4 ammattilaisia usean vuoden kokemuksella ja ensisijainen tavoitteemme on edesauttaa asiakkaidemme kehon (jaRead More\" \/>\n<meta property=\"og:url\" content=\"https:\/\/uudetsivut.kehonhuoltopiste.fi\/\" \/>\n<meta property=\"og:site_name\" content=\"Kehonhuoltopiste Fixme\" \/>\n<meta property=\"article:publisher\" content=\"https:\/\/www.facebook.com\/kehonhuoltopiste\/\" \/>\n<meta property=\"article:modified_time\" content=\"2024-09-29T07:51:19+00:00\" \/>\n<meta name=\"twitter:card\" content=\"summary_large_image\" \/>\n<meta name=\"twitter:label1\" content=\"Arvioitu lukuaika\" \/>\n\t<meta name=\"twitter:data1\" content=\"1 minuutti\" \/>\n<script type=\"application\/ld+json\" class=\"yoast-schema-graph\">{\"@context\":\"https:\/\/schema.org\",\"@graph\":[{\"@type\":\"WebPage\",\"@id\":\"https:\/\/uudetsivut.kehonhuoltopiste.fi\/\",\"url\":\"https:\/\/uudetsivut.kehonhuoltopiste.fi\/\",\"name\":\"Etusivu - Kehonhuoltopiste Fixme\",\"isPartOf\":{\"@id\":\"https:\/\/uudetsivut.kehonhuoltopiste.fi\/#website\"},\"datePublished\":\"2024-09-25T15:26:08+00:00\",\"dateModified\":\"2024-09-29T07:51:19+00:00\",\"breadcrumb\":{\"@id\":\"https:\/\/uudetsivut.kehonhuoltopiste.fi\/#breadcrumb\"},\"inLanguage\":\"fi\",\"potentialAction\":[{\"@type\":\"ReadAction\",\"target\":[\"https:\/\/uudetsivut.kehonhuoltopiste.fi\/\"]}]},{\"@type\":\"BreadcrumbList\",\"@id\":\"https:\/\/uudetsivut.kehonhuoltopiste.fi\/#breadcrumb\",\"itemListElement\":[{\"@type\":\"ListItem\",\"position\":1,\"name\":\"Etusivu\",\"item\":\"https:\/\/uudetsivut.kehonhuoltopiste.fi\/\"},{\"@type\":\"ListItem\",\"position\":2,\"name\":\"Etusivu\"}]},{\"@type\":\"WebSite\",\"@id\":\"https:\/\/uudetsivut.kehonhuoltopiste.fi\/#website\",\"url\":\"https:\/\/uudetsivut.kehonhuoltopiste.fi\/\",\"name\":\"Kehonhuoltopiste Fixme\",\"description\":\"Hieronta, osteopatia, jalkaterapia, purentalihasten hoito\",\"publisher\":{\"@id\":\"https:\/\/uudetsivut.kehonhuoltopiste.fi\/#organization\"},\"potentialAction\":[{\"@type\":\"SearchAction\",\"target\":{\"@type\":\"EntryPoint\",\"urlTemplate\":\"https:\/\/uudetsivut.kehonhuoltopiste.fi\/?s={search_term_string}\"},\"query-input\":{\"@type\":\"PropertyValueSpecification\",\"valueRequired\":true,\"valueName\":\"search_term_string\"}}],\"inLanguage\":\"fi\"},{\"@type\":\"Organization\",\"@id\":\"https:\/\/uudetsivut.kehonhuoltopiste.fi\/#organization\",\"name\":\"Kehonhuoltopiste Fixme\",\"url\":\"https:\/\/uudetsivut.kehonhuoltopiste.fi\/\",\"logo\":{\"@type\":\"ImageObject\",\"inLanguage\":\"fi\",\"@id\":\"https:\/\/uudetsivut.kehonhuoltopiste.fi\/#\/schema\/logo\/image\/\",\"url\":\"https:\/\/uudetsivut.kehonhuoltopiste.fi\/wp-content\/uploads\/2024\/09\/Fixme_tummaharmaa_valkoinen-e1559033632965.png\",\"contentUrl\":\"https:\/\/uudetsivut.kehonhuoltopiste.fi\/wp-content\/uploads\/2024\/09\/Fixme_tummaharmaa_valkoinen-e1559033632965.png\",\"width\":150,\"height\":150,\"caption\":\"Kehonhuoltopiste Fixme\"},\"image\":{\"@id\":\"https:\/\/uudetsivut.kehonhuoltopiste.fi\/#\/schema\/logo\/image\/\"},\"sameAs\":[\"https:\/\/www.facebook.com\/kehonhuoltopiste\/\",\"https:\/\/www.instagram.com\/kehonhuoltopistefixme\/\"]}]}<\/script>\n<!-- \/ Yoast SEO plugin. -->","yoast_head_json":{"title":"Etusivu - Kehonhuoltopiste Fixme","robots":{"index":"index","follow":"follow","max-snippet":"max-snippet:-1","max-image-preview":"max-image-preview:large","max-video-preview":"max-video-preview:-1"},"canonical":"https:\/\/uudetsivut.kehonhuoltopiste.fi\/","og_locale":"fi_FI","og_type":"article","og_title":"Etusivu - Kehonhuoltopiste Fixme","og_description":"Tervetuloa Kehonhuoltopiste Fixmen kotisivuille! T\u00e4\u00e4lt\u00e4 l\u00f6yd\u00e4t tietoa tiimiimme kuuluvista kehonhuollon ammattilaisista sek\u00e4 tarjoamistamme palveluista. Lis\u00e4ksi voit varata ajan palveluihimme ymp\u00e4ri vuorokauden sek\u00e4 halutessasi ostaa lahjakortteja. Palveluvalikoimaamme kuuluvat&nbsp;osteopatia,&nbsp;jalkaterapia, hieronta sek\u00e4 purentalihasten hoito. N\u00e4ist\u00e4 voit lukea lis\u00e4\u00e4 kohdasta palvelut. Kaikki&nbsp;tiimimme j\u00e4senet&nbsp;ovat oman osaamisalueensa koulutuksen l\u00e4pik\u00e4yneit\u00e4 ammattilaisia usean vuoden kokemuksella ja ensisijainen tavoitteemme on edesauttaa asiakkaidemme kehon (jaRead More","og_url":"https:\/\/uudetsivut.kehonhuoltopiste.fi\/","og_site_name":"Kehonhuoltopiste Fixme","article_publisher":"https:\/\/www.facebook.com\/kehonhuoltopiste\/","article_modified_time":"2024-09-29T07:51:19+00:00","twitter_card":"summary_large_image","twitter_misc":{"Arvioitu lukuaika":"1 minuutti"},"schema":{"@context":"https:\/\/schema.org","@graph":[{"@type":"WebPage","@id":"https:\/\/uudetsivut.kehonhuoltopiste.fi\/","url":"https:\/\/uudetsivut.kehonhuoltopiste.fi\/","name":"Etusivu - Kehonhuoltopiste Fixme","isPartOf":{"@id":"https:\/\/uudetsivut.kehonhuoltopiste.fi\/#website"},"datePublished":"2024-09-25T15:26:08+00:00","dateModified":"2024-09-29T07:51:19+00:00","breadcrumb":{"@id":"https:\/\/uudetsivut.kehonhuoltopiste.fi\/#breadcrumb"},"inLanguage":"fi","potentialAction":[{"@type":"ReadAction","target":["https:\/\/uudetsivut.kehonhuoltopiste.fi\/"]}]},{"@type":"BreadcrumbList","@id":"https:\/\/uudetsivut.kehonhuoltopiste.fi\/#breadcrumb","itemListElement":[{"@type":"ListItem","position":1,"name":"Etusivu","item":"https:\/\/uudetsivut.kehonhuoltopiste.fi\/"},{"@type":"ListItem","position":2,"name":"Etusivu"}]},{"@type":"WebSite","@id":"https:\/\/uudetsivut.kehonhuoltopiste.fi\/#website","url":"https:\/\/uudetsivut.kehonhuoltopiste.fi\/","name":"Kehonhuoltopiste Fixme","description":"Hieronta, osteopatia, jalkaterapia, purentalihasten hoito","publisher":{"@id":"https:\/\/uudetsivut.kehonhuoltopiste.fi\/#organization"},"potentialAction":[{"@type":"SearchAction","target":{"@type":"EntryPoint","urlTemplate":"https:\/\/uudetsivut.kehonhuoltopiste.fi\/?s={search_term_string}"},"query-input":{"@type":"PropertyValueSpecification","valueRequired":true,"valueName":"search_term_string"}}],"inLanguage":"fi"},{"@type":"Organization","@id":"https:\/\/uudetsivut.kehonhuoltopiste.fi\/#organization","name":"Kehonhuoltopiste Fixme","url":"https:\/\/uudetsivut.kehonhuoltopiste.fi\/","logo":{"@type":"ImageObject","inLanguage":"fi","@id":"https:\/\/uudetsivut.kehonhuoltopiste.fi\/#\/schema\/logo\/image\/","url":"https:\/\/uudetsivut.kehonhuoltopiste.fi\/wp-content\/uploads\/2024\/09\/Fixme_tummaharmaa_valkoinen-e1559033632965.png","contentUrl":"https:\/\/uudetsivut.kehonhuoltopiste.fi\/wp-content\/uploads\/2024\/09\/Fixme_tummaharmaa_valkoinen-e1559033632965.png","width":150,"height":150,"caption":"Kehonhuoltopiste Fixme"},"image":{"@id":"https:\/\/uudetsivut.kehonhuoltopiste.fi\/#\/schema\/logo\/image\/"},"sameAs":["https:\/\/www.facebook.com\/kehonhuoltopiste\/","https:\/\/www.instagram.com\/kehonhuoltopistefixme\/"]}]}},"_links":{"self":[{"href":"https:\/\/uudetsivut.kehonhuoltopiste.fi\/index.php?rest_route=\/wp\/v2\/pages\/74"}],"collection":[{"href":"https:\/\/uudetsivut.kehonhuoltopiste.fi\/index.php?rest_route=\/wp\/v2\/pages"}],"about":[{"href":"https:\/\/uudetsivut.kehonhuoltopiste.fi\/index.php?rest_route=\/wp\/v2\/types\/page"}],"author":[{"embeddable":true,"href":"https:\/\/uudetsivut.kehonhuoltopiste.fi\/index.php?rest_route=\/wp\/v2\/users\/1"}],"replies":[{"embeddable":true,"href":"https:\/\/uudetsivut.kehonhuoltopiste.fi\/index.php?rest_route=%2Fwp%2Fv2%2Fcomments&post=74"}],"version-history":[{"count":7,"href":"https:\/\/uudetsivut.kehonhuoltopiste.fi\/index.php?rest_route=\/wp\/v2\/pages\/74\/revisions"}],"predecessor-version":[{"id":264,"href":"https:\/\/uudetsivut.kehonhuoltopiste.fi\/index.php?rest_route=\/wp\/v2\/pages\/74\/revisions\/264"}],"wp:attachment":[{"href":"https:\/\/uudetsivut.kehonhuoltopiste.fi\/index.php?rest_route=%2Fwp%2Fv2%2Fmedia&parent=74"}],"curies":[{"name":"wp","href":"https:\/\/api.w.org\/{rel}","templated":true}]}}