{"id":257,"date":"2024-09-29T07:37:48","date_gmt":"2024-09-29T07:37:48","guid":{"rendered":"https:\/\/uudetsivut.kehonhuoltopiste.fi\/?page_id=257"},"modified":"2024-09-29T08:07:21","modified_gmt":"2024-09-29T08:07:21","slug":"tietosuojaseloste","status":"publish","type":"page","link":"https:\/\/uudetsivut.kehonhuoltopiste.fi\/?page_id=257","title":{"rendered":"Tietosuojaseloste"},"content":{"rendered":"<h2 class=\"wp-block-heading\">Tietosuojaseloste<\/h2><p><strong>Henkil\u00f6tietolain 10\u00a7 mukainen rekisteriseloste Kehonhuoltopiste Fixme:n ajanvaraus- ja asiakastietoj\u00e4rjestelm\u00e4lle sek\u00e4 Tietosuoja-asetuksen mukainen informointi tiedon tallentamisesta.<\/strong><\/p><p><strong>1. Rekisterinpit\u00e4j\u00e4<\/strong><\/p><p>Rekisterinpit\u00e4j\u00e4: Kehonhuoltopiste Fixme<\/p><p>Y-tunnus: 2833908-1<\/p><p>Osoite: Emalitehtaankatu 7 D LH 6-7, 04410 J\u00e4rvenp\u00e4\u00e4<\/p><p>S\u00e4hk\u00f6postiosoite: info(@)kehonhuoltopiste.fi<\/p><p><strong>2. Rekisteriasioita hoitavat henkil\u00f6t<\/strong><\/p><p>Rekisterin yhteyshenkil\u00f6<\/p><p>Taija Durante, taija(@)kehonhuoltopiste.fi, Emalitehtaankatu 7 D LH 6-7, 04410 J\u00e4rvenp\u00e4\u00e4, 0409649947<\/p><p><strong>3. Rekisterin nimi<\/strong><\/p><p>Kehonhuoltopiste Fixme:n asiakastietojen, laskutuksen ja ajanvarausten rekisteri.<\/p><p><strong>4. Rekisterin k\u00e4ytt\u00f6tarkoitus ja tietol\u00e4hteet<\/strong><\/p><p>Rekisterin k\u00e4ytt\u00f6tarkoitus on asiakassuhteen parantaminen, ajanvarausten mahdollistaminen ja laskutustietojen yll\u00e4pito. Tietoja ker\u00e4t\u00e4\u00e4n rekister\u00f6idyilt\u00e4 itselt\u00e4\u00e4n. Tiedot tallennetaan ajanvarauksen yhteydess\u00e4.<\/p><p>Koska kyseess\u00e4 on hoitoala, tietoja ker\u00e4t\u00e4\u00e4n my\u00f6s asiakasta palvelevalta hoitohenkil\u00f6st\u00f6lt\u00e4. Ker\u00e4tt\u00e4vi\u00e4 henkil\u00f6tietoja k\u00e4ytet\u00e4\u00e4n Rekisterinpit\u00e4j\u00e4n ja asiakkaan asiakassuhteiden yll\u00e4pitoon, laskutukseen, sek\u00e4 palvelun edellytt\u00e4mien yhteydenottojen ja viestien mahdollistamiseen. Jos asiakkaan ja Rekisterinpit\u00e4j\u00e4n v\u00e4lill\u00e4 on hoitosuhde, j\u00e4rjestelm\u00e4\u00e4n tallennetaan my\u00f6s lain edellytt\u00e4m\u00e4t tiedot hoitotiedoista (Sosiaali- ja terveysministeri\u00f6n asetus potilasasiakirjoista 94\/2022). Hoitotiedot vied\u00e4\u00e4n viranomaisten yll\u00e4pit\u00e4m\u00e4\u00e4n Kanta-arkistoon, jotka laki edellytt\u00e4\u00e4 viet\u00e4v\u00e4ksi.<\/p><p>Tietoja ei luovuteta kolmansien osapuolien k\u00e4ytt\u00f6\u00f6n. Rekisterinpit\u00e4j\u00e4 voi my\u00f6s l\u00e4hett\u00e4\u00e4 markkinointi- ja muita tiedotusviestej\u00e4 asiakkaalle, mik\u00e4li asiakas on sen sallinut. Asiakas voi kielt\u00e4yty\u00e4 n\u00e4ist\u00e4 tiedotteista ilmoittamalla siit\u00e4 s\u00e4hk\u00f6postitse osoitteeseen info(@)kehonhuoltopiste.fi.<\/p><p><strong>5. Rekisterin tietosis\u00e4lt\u00f6<\/strong><\/p><p>Rekisteriin talletetaan tai voidaan tallettaa seuraavat tiedot: etunimi, sukunimi, puhelinnumero, s\u00e4hk\u00f6postiosoite, osoitetiedot ja asiakkaan mahdollisesti antamat lis\u00e4tiedot varauksen yhteydess\u00e4. Hoitosuhteen syntyess\u00e4 rekisteriin tallennetaan kaikki edell\u00e4 mainitut tiedot, joiden lis\u00e4ksi tallennetaan kotikunta, syntym\u00e4aika ja henkil\u00f6tunnus. Alaik\u00e4isen asiakkaan osalta tallennetaan huoltajien tai muun laillisen edustajan nimi ja yhteystiedot sek\u00e4 t\u00e4ysi-ik\u00e4iselle asiakkaalle m\u00e4\u00e4r\u00e4tyn laillisen edustajan nimi ja yhteystiedot. (Sosiaali- ja terveysministeri\u00f6n asetus potilasasiakirjoista 94\/2022) <\/p><p>Lis\u00e4ksi rekisteriin tallennetaan asiakkaan laskutus- ja yhteydenottoa koskevia tietoja, kuten etu- ja sukunimi, kieli, tieto asiakaskirjeiden vastaanotosta s\u00e4hk\u00f6postitse ja tekstiviestitse ja tiedot siit\u00e4 kuka asiakastietoja on katsellut ja muokannut, tehdyt varaukset, asiakask\u00e4ynnit, maksut ja tieto siit\u00e4 kuka niit\u00e4 on katsellut tai muokannut.\u00a0<\/p><p><strong>6. Tietojen luovuttaminen s\u00e4\u00e4nn\u00f6nmukaisesti ja siirret\u00e4\u00e4nk\u00f6 tietoja EU:n tai Euroopan talousalueen ulkopuolelle<\/strong><\/p><p>Tietoja ei luovuteta kolmansille osapuolille eik\u00e4 EU:n tai Euroopan talousalueen ulkopuolelle.&nbsp;<\/p><p><strong>7. Tietojen s\u00e4ilytys<\/strong><\/p><p>Tietoja s\u00e4ilytet\u00e4\u00e4n asiakassuhteen jatkumisen ajan tai v\u00e4hint\u00e4\u00e4n 12 vuotta asiakkaan viimeisest\u00e4 k\u00e4yntikerrasta. Tietojen s\u00e4ilytyksess\u00e4 on huomioitu sit\u00e4 koskevat lait, asetukset ja direktiivit. (mm. Sosiaali- ja terveysministeri\u00f6n asetus potilasasiakirjoista 94\/2022)&nbsp;<\/p><p>Tiedot voidaan vaatia poistettavaksi mik\u00e4li laki sen sallii ja asiakas niin pyyt\u00e4\u00e4.&nbsp;<\/p><p><strong>8. Tietojen suojauksen periaatteita<\/strong><\/p><p>Rekisterinpit\u00e4j\u00e4n k\u00e4ytt\u00e4m\u00e4 palvelimen yll\u00e4pit\u00e4j\u00e4 ja GDPR-asetuksen mukainen Tiedon k\u00e4sittelij\u00e4 on Ajas Oy.<\/p><p>Ajas on A1 luokan potilastietoj\u00e4rjestelm\u00e4ksi sertifioitu. Sertifiointiprosessissa on varmennettu tietoturvak\u00e4yt\u00e4nn\u00f6t ulkoisen auditointitalon toimesta.<\/p><p>Rekisteritiedon k\u00e4sittelyyn k\u00e4ytett\u00e4v\u00e4 verkkopalvelu on suojattu salasanoin ja palvelin sek\u00e4 muut palvelimet ovat suojattuja palomuurein, salasanoin ja muin teknisin keinoin. Salasanoja ei tallennetta palvelimelle selkokielisen\u00e4 vaan ne s\u00e4ilytet\u00e4\u00e4n suolattuina ja kryptattuina \u201csalt\u201d kulloinkin turvallisena pidettyn\u00e4 menetelm\u00e4\u00e4 k\u00e4ytt\u00e4en. Palvelin sijaitsee lukitussa ja vartioidussa tilassa Upcloud Oy:n palvelinsalissa Helsingiss\u00e4. Tietojen s\u00e4ilyvyys on varmistettu automaattisten varmuuskopioiden avulla.<\/p><p>Ajas Oy:n henkil\u00f6st\u00f6 on vaitiolovelvollinen ja jokainen on allekirjoittanut salassapitosopimukset, jossa sitoutuvat olemaan paljastamatta mit\u00e4\u00e4n asiakastietoihin liittyv\u00e4\u00e4 tietoa.<\/p><p>Jos k\u00e4ytt\u00e4miimme j\u00e4rjestelmiin murtaudutaan niin, ett\u00e4 se vaikuttaa sinuun, saamme siit\u00e4 tiedon ja ilmoitamme siit\u00e4 mahdollisimman nopeasti ja kerromme my\u00f6hemmin mit\u00e4 vastatoimenpiteit\u00e4 me teimme. Asiakkaan on pidett\u00e4v\u00e4 oma k\u00e4ytt\u00e4j\u00e4tunnus ja salasana salassa kolmansilta osapuolilta, mik\u00e4li asiakkaalla on sellaiset.<\/p><p><strong>9. Tarkastus- ja kielto-oikeus<\/strong><\/p><p>Asiakkaalla on oikeus saada tarkistaa itse\u00e4\u00e4n koskevat tiedot, oikeus vaatia virheellisen tiedon oikaisua, oikeus kielt\u00e4\u00e4 antamiensa tietojen k\u00e4yt\u00f6n suoramarkkinointi- tms. tarkoitukseen sek\u00e4 muutoinkin turvautua henkil\u00f6tietolaissa ja EU-direktiiviss\u00e4 turvattuihin oikeuksiinsa ellei laissa muuten m\u00e4\u00e4r\u00e4t\u00e4.&nbsp;<\/p><p>Pyynn\u00f6t on osoitettava kohdassa 2 m\u00e4\u00e4ritellylle rekisterin yhteyshenkil\u00f6lle. Kaikkien tallennettujen tietojen lista voidaan pyyt\u00e4\u00e4 korkeintaan 2 kertaa kalenterivuoden aikana.&nbsp;<\/p><p><strong>10. Ev\u00e4steet ajanvarausj\u00e4rjestelm\u00e4n k\u00e4ytt\u00e4jille<\/strong><\/p><p>K\u00e4yt\u00e4mme ajanvarausj\u00e4rjestelm\u00e4ss\u00e4 ns. cookie -toimintoa eli ev\u00e4steit\u00e4. Ev\u00e4ste on pieni, k\u00e4ytt\u00e4j\u00e4n selaimelle talletettava ja siell\u00e4 s\u00e4ilytett\u00e4v\u00e4 merkint\u00e4, joka mahdollistaa sen, ett\u00e4 k\u00e4ytt\u00e4j\u00e4lle voidaan luoda turvallinen istunto (sessio), jonka ajan j\u00e4rjestelm\u00e4 tiet\u00e4\u00e4 kyseess\u00e4 olevan saman k\u00e4ytt\u00e4j\u00e4n. Ilman ev\u00e4steit\u00e4 ajanvarauspalveluun kirjautuminen ei onnistu. Ev\u00e4steet eiv\u00e4t vahingoita k\u00e4ytt\u00e4jien tietokoneita tai tiedostoja. Mik\u00e4li ajanvarausj\u00e4rjestelm\u00e4ss\u00e4 vieraileva k\u00e4ytt\u00e4j\u00e4 ei halua sallia ev\u00e4steit\u00e4, se on mahdollista, mutta t\u00e4ll\u00f6in palveluiden sujuvaa toimintaa ei voida taata, sill\u00e4 ev\u00e4steet ovat tarpeellisia yll\u00e4pit\u00e4miemme sivujen ja tarjoamiemme palveluiden asianmukaiselle toimimiselle.<\/p><p><strong>11. IP-tiedot<\/strong><\/p><p>Rekisterinpit\u00e4j\u00e4n k\u00e4ytt\u00e4m\u00e4ss\u00e4 Ajas-ajanvarausj\u00e4rjestelm\u00e4ss\u00e4 vierailevien k\u00e4ytt\u00e4jien IP-osoitteet tallentuvat niille varattuun lokiin. Lokia k\u00e4ytet\u00e4\u00e4n mahdollisiin virheselvityksiin sek\u00e4 tietoturvan yll\u00e4pitoon. Lokiin on p\u00e4\u00e4sy rekisterinpitoon k\u00e4ytett\u00e4v\u00e4n Ajas-j\u00e4rjestelm\u00e4n henkil\u00f6st\u00f6st\u00e4 ennalta m\u00e4\u00e4r\u00e4tyill\u00e4 henkil\u00f6ill\u00e4.<\/p><p><strong>12. Lains\u00e4\u00e4d\u00e4nt\u00f6<\/strong><\/p><p>Rekisterinpit\u00e4j\u00e4 noudattaa asiakastietojen s\u00e4ilytyksess\u00e4 henkil\u00f6tiedon k\u00e4sittely\u00e4 koskevaa EU:n yleist\u00e4 tietosuoja-asetusta sek\u00e4 Suomen tietosuojalakia.<\/p><p>Rekisterinpit\u00e4j\u00e4 on laatinut organisaatiossa GDPR:n 30. artiklan mukaisen sis\u00e4isen Selosteen k\u00e4sittelytoimista.<\/p><p><\/p>","protected":false},"excerpt":{"rendered":"<p>Tietosuojaseloste Henkil\u00f6tietolain 10\u00a7 mukainen rekisteriseloste Kehonhuoltopiste Fixme:n ajanvaraus- ja asiakastietoj\u00e4rjestelm\u00e4lle sek\u00e4 Tietosuoja-asetuksen mukainen informointi tiedon tallentamisesta. 1. Rekisterinpit\u00e4j\u00e4 Rekisterinpit\u00e4j\u00e4: Kehonhuoltopiste Fixme Y-tunnus: 2833908-1 Osoite: Emalitehtaankatu 7 D LH 6-7, 04410 J\u00e4rvenp\u00e4\u00e4 S\u00e4hk\u00f6postiosoite: info(@)kehonhuoltopiste.fi 2. Rekisteriasioita hoitavat henkil\u00f6t Rekisterin yhteyshenkil\u00f6 Taija Durante, taija(@)kehonhuoltopiste.fi, Emalitehtaankatu 7 D LH 6-7, 04410 J\u00e4rvenp\u00e4\u00e4, 0409649947 3. Rekisterin nimi Kehonhuoltopiste Fixme:n<br \/><a class=\"btn btn-tislider blog-readmore\" href=\"https:\/\/uudetsivut.kehonhuoltopiste.fi\/?page_id=257\">Read More<\/a><\/p>\n","protected":false},"author":1,"featured_media":0,"parent":0,"menu_order":0,"comment_status":"closed","ping_status":"closed","template":"","meta":{"footnotes":""},"class_list":["post-257","page","type-page","status-publish","hentry"],"yoast_head":"<!-- This site is optimized with the Yoast SEO plugin v25.6 - https:\/\/yoast.com\/wordpress\/plugins\/seo\/ -->\n<title>Tietosuojaseloste - Kehonhuoltopiste Fixme<\/title>\n<meta name=\"robots\" content=\"index, follow, max-snippet:-1, max-image-preview:large, max-video-preview:-1\" \/>\n<link rel=\"canonical\" href=\"https:\/\/uudetsivut.kehonhuoltopiste.fi\/?page_id=257\" \/>\n<meta property=\"og:locale\" content=\"fi_FI\" \/>\n<meta property=\"og:type\" content=\"article\" \/>\n<meta property=\"og:title\" content=\"Tietosuojaseloste - Kehonhuoltopiste Fixme\" \/>\n<meta property=\"og:description\" content=\"Tietosuojaseloste Henkil\u00f6tietolain 10\u00a7 mukainen rekisteriseloste Kehonhuoltopiste Fixme:n ajanvaraus- ja asiakastietoj\u00e4rjestelm\u00e4lle sek\u00e4 Tietosuoja-asetuksen mukainen informointi tiedon tallentamisesta. 1. Rekisterinpit\u00e4j\u00e4 Rekisterinpit\u00e4j\u00e4: Kehonhuoltopiste Fixme Y-tunnus: 2833908-1 Osoite: Emalitehtaankatu 7 D LH 6-7, 04410 J\u00e4rvenp\u00e4\u00e4 S\u00e4hk\u00f6postiosoite: info(@)kehonhuoltopiste.fi 2. Rekisteriasioita hoitavat henkil\u00f6t Rekisterin yhteyshenkil\u00f6 Taija Durante, taija(@)kehonhuoltopiste.fi, Emalitehtaankatu 7 D LH 6-7, 04410 J\u00e4rvenp\u00e4\u00e4, 0409649947 3. Rekisterin nimi Kehonhuoltopiste Fixme:nRead More\" \/>\n<meta property=\"og:url\" content=\"https:\/\/uudetsivut.kehonhuoltopiste.fi\/?page_id=257\" \/>\n<meta property=\"og:site_name\" content=\"Kehonhuoltopiste Fixme\" \/>\n<meta property=\"article:publisher\" content=\"https:\/\/www.facebook.com\/kehonhuoltopiste\/\" \/>\n<meta property=\"article:modified_time\" content=\"2024-09-29T08:07:21+00:00\" \/>\n<meta name=\"twitter:card\" content=\"summary_large_image\" \/>\n<meta name=\"twitter:label1\" content=\"Arvioitu lukuaika\" \/>\n\t<meta name=\"twitter:data1\" content=\"4 minuuttia\" \/>\n<script type=\"application\/ld+json\" class=\"yoast-schema-graph\">{\"@context\":\"https:\/\/schema.org\",\"@graph\":[{\"@type\":\"WebPage\",\"@id\":\"https:\/\/uudetsivut.kehonhuoltopiste.fi\/?page_id=257\",\"url\":\"https:\/\/uudetsivut.kehonhuoltopiste.fi\/?page_id=257\",\"name\":\"Tietosuojaseloste - Kehonhuoltopiste Fixme\",\"isPartOf\":{\"@id\":\"https:\/\/uudetsivut.kehonhuoltopiste.fi\/#website\"},\"datePublished\":\"2024-09-29T07:37:48+00:00\",\"dateModified\":\"2024-09-29T08:07:21+00:00\",\"breadcrumb\":{\"@id\":\"https:\/\/uudetsivut.kehonhuoltopiste.fi\/?page_id=257#breadcrumb\"},\"inLanguage\":\"fi\",\"potentialAction\":[{\"@type\":\"ReadAction\",\"target\":[\"https:\/\/uudetsivut.kehonhuoltopiste.fi\/?page_id=257\"]}]},{\"@type\":\"BreadcrumbList\",\"@id\":\"https:\/\/uudetsivut.kehonhuoltopiste.fi\/?page_id=257#breadcrumb\",\"itemListElement\":[{\"@type\":\"ListItem\",\"position\":1,\"name\":\"Etusivu\",\"item\":\"https:\/\/uudetsivut.kehonhuoltopiste.fi\/\"},{\"@type\":\"ListItem\",\"position\":2,\"name\":\"Tietosuojaseloste\"}]},{\"@type\":\"WebSite\",\"@id\":\"https:\/\/uudetsivut.kehonhuoltopiste.fi\/#website\",\"url\":\"https:\/\/uudetsivut.kehonhuoltopiste.fi\/\",\"name\":\"Kehonhuoltopiste Fixme\",\"description\":\"Hieronta, osteopatia, jalkaterapia, purentalihasten hoito\",\"publisher\":{\"@id\":\"https:\/\/uudetsivut.kehonhuoltopiste.fi\/#organization\"},\"potentialAction\":[{\"@type\":\"SearchAction\",\"target\":{\"@type\":\"EntryPoint\",\"urlTemplate\":\"https:\/\/uudetsivut.kehonhuoltopiste.fi\/?s={search_term_string}\"},\"query-input\":{\"@type\":\"PropertyValueSpecification\",\"valueRequired\":true,\"valueName\":\"search_term_string\"}}],\"inLanguage\":\"fi\"},{\"@type\":\"Organization\",\"@id\":\"https:\/\/uudetsivut.kehonhuoltopiste.fi\/#organization\",\"name\":\"Kehonhuoltopiste Fixme\",\"url\":\"https:\/\/uudetsivut.kehonhuoltopiste.fi\/\",\"logo\":{\"@type\":\"ImageObject\",\"inLanguage\":\"fi\",\"@id\":\"https:\/\/uudetsivut.kehonhuoltopiste.fi\/#\/schema\/logo\/image\/\",\"url\":\"https:\/\/uudetsivut.kehonhuoltopiste.fi\/wp-content\/uploads\/2024\/09\/Fixme_tummaharmaa_valkoinen-e1559033632965.png\",\"contentUrl\":\"https:\/\/uudetsivut.kehonhuoltopiste.fi\/wp-content\/uploads\/2024\/09\/Fixme_tummaharmaa_valkoinen-e1559033632965.png\",\"width\":150,\"height\":150,\"caption\":\"Kehonhuoltopiste Fixme\"},\"image\":{\"@id\":\"https:\/\/uudetsivut.kehonhuoltopiste.fi\/#\/schema\/logo\/image\/\"},\"sameAs\":[\"https:\/\/www.facebook.com\/kehonhuoltopiste\/\",\"https:\/\/www.instagram.com\/kehonhuoltopistefixme\/\"]}]}<\/script>\n<!-- \/ Yoast SEO plugin. -->","yoast_head_json":{"title":"Tietosuojaseloste - Kehonhuoltopiste Fixme","robots":{"index":"index","follow":"follow","max-snippet":"max-snippet:-1","max-image-preview":"max-image-preview:large","max-video-preview":"max-video-preview:-1"},"canonical":"https:\/\/uudetsivut.kehonhuoltopiste.fi\/?page_id=257","og_locale":"fi_FI","og_type":"article","og_title":"Tietosuojaseloste - Kehonhuoltopiste Fixme","og_description":"Tietosuojaseloste Henkil\u00f6tietolain 10\u00a7 mukainen rekisteriseloste Kehonhuoltopiste Fixme:n ajanvaraus- ja asiakastietoj\u00e4rjestelm\u00e4lle sek\u00e4 Tietosuoja-asetuksen mukainen informointi tiedon tallentamisesta. 1. Rekisterinpit\u00e4j\u00e4 Rekisterinpit\u00e4j\u00e4: Kehonhuoltopiste Fixme Y-tunnus: 2833908-1 Osoite: Emalitehtaankatu 7 D LH 6-7, 04410 J\u00e4rvenp\u00e4\u00e4 S\u00e4hk\u00f6postiosoite: info(@)kehonhuoltopiste.fi 2. Rekisteriasioita hoitavat henkil\u00f6t Rekisterin yhteyshenkil\u00f6 Taija Durante, taija(@)kehonhuoltopiste.fi, Emalitehtaankatu 7 D LH 6-7, 04410 J\u00e4rvenp\u00e4\u00e4, 0409649947 3. Rekisterin nimi Kehonhuoltopiste Fixme:nRead More","og_url":"https:\/\/uudetsivut.kehonhuoltopiste.fi\/?page_id=257","og_site_name":"Kehonhuoltopiste Fixme","article_publisher":"https:\/\/www.facebook.com\/kehonhuoltopiste\/","article_modified_time":"2024-09-29T08:07:21+00:00","twitter_card":"summary_large_image","twitter_misc":{"Arvioitu lukuaika":"4 minuuttia"},"schema":{"@context":"https:\/\/schema.org","@graph":[{"@type":"WebPage","@id":"https:\/\/uudetsivut.kehonhuoltopiste.fi\/?page_id=257","url":"https:\/\/uudetsivut.kehonhuoltopiste.fi\/?page_id=257","name":"Tietosuojaseloste - Kehonhuoltopiste Fixme","isPartOf":{"@id":"https:\/\/uudetsivut.kehonhuoltopiste.fi\/#website"},"datePublished":"2024-09-29T07:37:48+00:00","dateModified":"2024-09-29T08:07:21+00:00","breadcrumb":{"@id":"https:\/\/uudetsivut.kehonhuoltopiste.fi\/?page_id=257#breadcrumb"},"inLanguage":"fi","potentialAction":[{"@type":"ReadAction","target":["https:\/\/uudetsivut.kehonhuoltopiste.fi\/?page_id=257"]}]},{"@type":"BreadcrumbList","@id":"https:\/\/uudetsivut.kehonhuoltopiste.fi\/?page_id=257#breadcrumb","itemListElement":[{"@type":"ListItem","position":1,"name":"Etusivu","item":"https:\/\/uudetsivut.kehonhuoltopiste.fi\/"},{"@type":"ListItem","position":2,"name":"Tietosuojaseloste"}]},{"@type":"WebSite","@id":"https:\/\/uudetsivut.kehonhuoltopiste.fi\/#website","url":"https:\/\/uudetsivut.kehonhuoltopiste.fi\/","name":"Kehonhuoltopiste Fixme","description":"Hieronta, osteopatia, jalkaterapia, purentalihasten hoito","publisher":{"@id":"https:\/\/uudetsivut.kehonhuoltopiste.fi\/#organization"},"potentialAction":[{"@type":"SearchAction","target":{"@type":"EntryPoint","urlTemplate":"https:\/\/uudetsivut.kehonhuoltopiste.fi\/?s={search_term_string}"},"query-input":{"@type":"PropertyValueSpecification","valueRequired":true,"valueName":"search_term_string"}}],"inLanguage":"fi"},{"@type":"Organization","@id":"https:\/\/uudetsivut.kehonhuoltopiste.fi\/#organization","name":"Kehonhuoltopiste Fixme","url":"https:\/\/uudetsivut.kehonhuoltopiste.fi\/","logo":{"@type":"ImageObject","inLanguage":"fi","@id":"https:\/\/uudetsivut.kehonhuoltopiste.fi\/#\/schema\/logo\/image\/","url":"https:\/\/uudetsivut.kehonhuoltopiste.fi\/wp-content\/uploads\/2024\/09\/Fixme_tummaharmaa_valkoinen-e1559033632965.png","contentUrl":"https:\/\/uudetsivut.kehonhuoltopiste.fi\/wp-content\/uploads\/2024\/09\/Fixme_tummaharmaa_valkoinen-e1559033632965.png","width":150,"height":150,"caption":"Kehonhuoltopiste Fixme"},"image":{"@id":"https:\/\/uudetsivut.kehonhuoltopiste.fi\/#\/schema\/logo\/image\/"},"sameAs":["https:\/\/www.facebook.com\/kehonhuoltopiste\/","https:\/\/www.instagram.com\/kehonhuoltopistefixme\/"]}]}},"_links":{"self":[{"href":"https:\/\/uudetsivut.kehonhuoltopiste.fi\/index.php?rest_route=\/wp\/v2\/pages\/257"}],"collection":[{"href":"https:\/\/uudetsivut.kehonhuoltopiste.fi\/index.php?rest_route=\/wp\/v2\/pages"}],"about":[{"href":"https:\/\/uudetsivut.kehonhuoltopiste.fi\/index.php?rest_route=\/wp\/v2\/types\/page"}],"author":[{"embeddable":true,"href":"https:\/\/uudetsivut.kehonhuoltopiste.fi\/index.php?rest_route=\/wp\/v2\/users\/1"}],"replies":[{"embeddable":true,"href":"https:\/\/uudetsivut.kehonhuoltopiste.fi\/index.php?rest_route=%2Fwp%2Fv2%2Fcomments&post=257"}],"version-history":[{"count":2,"href":"https:\/\/uudetsivut.kehonhuoltopiste.fi\/index.php?rest_route=\/wp\/v2\/pages\/257\/revisions"}],"predecessor-version":[{"id":259,"href":"https:\/\/uudetsivut.kehonhuoltopiste.fi\/index.php?rest_route=\/wp\/v2\/pages\/257\/revisions\/259"}],"wp:attachment":[{"href":"https:\/\/uudetsivut.kehonhuoltopiste.fi\/index.php?rest_route=%2Fwp%2Fv2%2Fmedia&parent=257"}],"curies":[{"name":"wp","href":"https:\/\/api.w.org\/{rel}","templated":true}]}}