{"id":226,"date":"2024-09-28T11:44:32","date_gmt":"2024-09-28T11:44:32","guid":{"rendered":"https:\/\/uudetsivut.kehonhuoltopiste.fi\/?page_id=226"},"modified":"2024-09-28T11:44:34","modified_gmt":"2024-09-28T11:44:34","slug":"tilausehdot","status":"publish","type":"page","link":"https:\/\/uudetsivut.kehonhuoltopiste.fi\/?page_id=226","title":{"rendered":"Tilausehdot"},"content":{"rendered":"<h2 class=\"wp-block-heading\">Toimitus- ja palautusehdot<\/h2><p>Saat tilauksen j\u00e4lkeen lahjakortin koodin, jolla voit hy\u00f6dynt\u00e4\u00e4 lahjakortin liikkeess\u00e4. Koodin voit v\u00e4litt\u00e4\u00e4 lahjan saajalle miten haluat &#8211; s\u00e4hk\u00f6postilla, printtaamalla PDF:n tai lis\u00e4\u00e4m\u00e4ll\u00e4 sen omaan onnittelukorttiin.<\/p><p>Viimeisen voimassaolop\u00e4iv\u00e4n j\u00e4lkeen lahjakorttia ei voi k\u00e4ytt\u00e4\u00e4 maksuun tai aktivoida uudelleen, eik\u00e4 j\u00e4ljell\u00e4 olevaa arvoa hyvitet\u00e4. Lahjakortteja ei voi palauttaa tai vaihtaa.<\/p>","protected":false},"excerpt":{"rendered":"<p>Toimitus- ja palautusehdot Saat tilauksen j\u00e4lkeen lahjakortin koodin, jolla voit hy\u00f6dynt\u00e4\u00e4 lahjakortin liikkeess\u00e4. Koodin voit v\u00e4litt\u00e4\u00e4 lahjan saajalle miten haluat &#8211; s\u00e4hk\u00f6postilla, printtaamalla PDF:n tai lis\u00e4\u00e4m\u00e4ll\u00e4 sen omaan onnittelukorttiin. Viimeisen voimassaolop\u00e4iv\u00e4n j\u00e4lkeen lahjakorttia ei voi k\u00e4ytt\u00e4\u00e4 maksuun tai aktivoida uudelleen, eik\u00e4 j\u00e4ljell\u00e4 olevaa arvoa hyvitet\u00e4. Lahjakortteja ei voi palauttaa tai vaihtaa.<\/p>\n","protected":false},"author":1,"featured_media":0,"parent":0,"menu_order":0,"comment_status":"closed","ping_status":"closed","template":"","meta":{"footnotes":""},"class_list":["post-226","page","type-page","status-publish","hentry"],"yoast_head":"<!-- This site is optimized with the Yoast SEO plugin v25.6 - https:\/\/yoast.com\/wordpress\/plugins\/seo\/ -->\n<title>Tilausehdot - Kehonhuoltopiste Fixme<\/title>\n<meta name=\"robots\" content=\"index, follow, max-snippet:-1, max-image-preview:large, max-video-preview:-1\" \/>\n<link rel=\"canonical\" href=\"https:\/\/uudetsivut.kehonhuoltopiste.fi\/?page_id=226\" \/>\n<meta property=\"og:locale\" content=\"fi_FI\" \/>\n<meta property=\"og:type\" content=\"article\" \/>\n<meta property=\"og:title\" content=\"Tilausehdot - Kehonhuoltopiste Fixme\" \/>\n<meta property=\"og:description\" content=\"Toimitus- ja palautusehdot Saat tilauksen j\u00e4lkeen lahjakortin koodin, jolla voit hy\u00f6dynt\u00e4\u00e4 lahjakortin liikkeess\u00e4. Koodin voit v\u00e4litt\u00e4\u00e4 lahjan saajalle miten haluat &#8211; s\u00e4hk\u00f6postilla, printtaamalla PDF:n tai lis\u00e4\u00e4m\u00e4ll\u00e4 sen omaan onnittelukorttiin. Viimeisen voimassaolop\u00e4iv\u00e4n j\u00e4lkeen lahjakorttia ei voi k\u00e4ytt\u00e4\u00e4 maksuun tai aktivoida uudelleen, eik\u00e4 j\u00e4ljell\u00e4 olevaa arvoa hyvitet\u00e4. Lahjakortteja ei voi palauttaa tai vaihtaa.\" \/>\n<meta property=\"og:url\" content=\"https:\/\/uudetsivut.kehonhuoltopiste.fi\/?page_id=226\" \/>\n<meta property=\"og:site_name\" content=\"Kehonhuoltopiste Fixme\" \/>\n<meta property=\"article:publisher\" content=\"https:\/\/www.facebook.com\/kehonhuoltopiste\/\" \/>\n<meta property=\"article:modified_time\" content=\"2024-09-28T11:44:34+00:00\" \/>\n<meta name=\"twitter:card\" content=\"summary_large_image\" \/>\n<script type=\"application\/ld+json\" class=\"yoast-schema-graph\">{\"@context\":\"https:\/\/schema.org\",\"@graph\":[{\"@type\":\"WebPage\",\"@id\":\"https:\/\/uudetsivut.kehonhuoltopiste.fi\/?page_id=226\",\"url\":\"https:\/\/uudetsivut.kehonhuoltopiste.fi\/?page_id=226\",\"name\":\"Tilausehdot - Kehonhuoltopiste Fixme\",\"isPartOf\":{\"@id\":\"https:\/\/uudetsivut.kehonhuoltopiste.fi\/#website\"},\"datePublished\":\"2024-09-28T11:44:32+00:00\",\"dateModified\":\"2024-09-28T11:44:34+00:00\",\"breadcrumb\":{\"@id\":\"https:\/\/uudetsivut.kehonhuoltopiste.fi\/?page_id=226#breadcrumb\"},\"inLanguage\":\"fi\",\"potentialAction\":[{\"@type\":\"ReadAction\",\"target\":[\"https:\/\/uudetsivut.kehonhuoltopiste.fi\/?page_id=226\"]}]},{\"@type\":\"BreadcrumbList\",\"@id\":\"https:\/\/uudetsivut.kehonhuoltopiste.fi\/?page_id=226#breadcrumb\",\"itemListElement\":[{\"@type\":\"ListItem\",\"position\":1,\"name\":\"Etusivu\",\"item\":\"https:\/\/uudetsivut.kehonhuoltopiste.fi\/\"},{\"@type\":\"ListItem\",\"position\":2,\"name\":\"Tilausehdot\"}]},{\"@type\":\"WebSite\",\"@id\":\"https:\/\/uudetsivut.kehonhuoltopiste.fi\/#website\",\"url\":\"https:\/\/uudetsivut.kehonhuoltopiste.fi\/\",\"name\":\"Kehonhuoltopiste Fixme\",\"description\":\"Hieronta, osteopatia, jalkaterapia, purentalihasten hoito\",\"publisher\":{\"@id\":\"https:\/\/uudetsivut.kehonhuoltopiste.fi\/#organization\"},\"potentialAction\":[{\"@type\":\"SearchAction\",\"target\":{\"@type\":\"EntryPoint\",\"urlTemplate\":\"https:\/\/uudetsivut.kehonhuoltopiste.fi\/?s={search_term_string}\"},\"query-input\":{\"@type\":\"PropertyValueSpecification\",\"valueRequired\":true,\"valueName\":\"search_term_string\"}}],\"inLanguage\":\"fi\"},{\"@type\":\"Organization\",\"@id\":\"https:\/\/uudetsivut.kehonhuoltopiste.fi\/#organization\",\"name\":\"Kehonhuoltopiste Fixme\",\"url\":\"https:\/\/uudetsivut.kehonhuoltopiste.fi\/\",\"logo\":{\"@type\":\"ImageObject\",\"inLanguage\":\"fi\",\"@id\":\"https:\/\/uudetsivut.kehonhuoltopiste.fi\/#\/schema\/logo\/image\/\",\"url\":\"https:\/\/uudetsivut.kehonhuoltopiste.fi\/wp-content\/uploads\/2024\/09\/Fixme_tummaharmaa_valkoinen-e1559033632965.png\",\"contentUrl\":\"https:\/\/uudetsivut.kehonhuoltopiste.fi\/wp-content\/uploads\/2024\/09\/Fixme_tummaharmaa_valkoinen-e1559033632965.png\",\"width\":150,\"height\":150,\"caption\":\"Kehonhuoltopiste Fixme\"},\"image\":{\"@id\":\"https:\/\/uudetsivut.kehonhuoltopiste.fi\/#\/schema\/logo\/image\/\"},\"sameAs\":[\"https:\/\/www.facebook.com\/kehonhuoltopiste\/\",\"https:\/\/www.instagram.com\/kehonhuoltopistefixme\/\"]}]}<\/script>\n<!-- \/ Yoast SEO plugin. -->","yoast_head_json":{"title":"Tilausehdot - Kehonhuoltopiste Fixme","robots":{"index":"index","follow":"follow","max-snippet":"max-snippet:-1","max-image-preview":"max-image-preview:large","max-video-preview":"max-video-preview:-1"},"canonical":"https:\/\/uudetsivut.kehonhuoltopiste.fi\/?page_id=226","og_locale":"fi_FI","og_type":"article","og_title":"Tilausehdot - Kehonhuoltopiste Fixme","og_description":"Toimitus- ja palautusehdot Saat tilauksen j\u00e4lkeen lahjakortin koodin, jolla voit hy\u00f6dynt\u00e4\u00e4 lahjakortin liikkeess\u00e4. Koodin voit v\u00e4litt\u00e4\u00e4 lahjan saajalle miten haluat &#8211; s\u00e4hk\u00f6postilla, printtaamalla PDF:n tai lis\u00e4\u00e4m\u00e4ll\u00e4 sen omaan onnittelukorttiin. Viimeisen voimassaolop\u00e4iv\u00e4n j\u00e4lkeen lahjakorttia ei voi k\u00e4ytt\u00e4\u00e4 maksuun tai aktivoida uudelleen, eik\u00e4 j\u00e4ljell\u00e4 olevaa arvoa hyvitet\u00e4. Lahjakortteja ei voi palauttaa tai vaihtaa.","og_url":"https:\/\/uudetsivut.kehonhuoltopiste.fi\/?page_id=226","og_site_name":"Kehonhuoltopiste Fixme","article_publisher":"https:\/\/www.facebook.com\/kehonhuoltopiste\/","article_modified_time":"2024-09-28T11:44:34+00:00","twitter_card":"summary_large_image","schema":{"@context":"https:\/\/schema.org","@graph":[{"@type":"WebPage","@id":"https:\/\/uudetsivut.kehonhuoltopiste.fi\/?page_id=226","url":"https:\/\/uudetsivut.kehonhuoltopiste.fi\/?page_id=226","name":"Tilausehdot - Kehonhuoltopiste Fixme","isPartOf":{"@id":"https:\/\/uudetsivut.kehonhuoltopiste.fi\/#website"},"datePublished":"2024-09-28T11:44:32+00:00","dateModified":"2024-09-28T11:44:34+00:00","breadcrumb":{"@id":"https:\/\/uudetsivut.kehonhuoltopiste.fi\/?page_id=226#breadcrumb"},"inLanguage":"fi","potentialAction":[{"@type":"ReadAction","target":["https:\/\/uudetsivut.kehonhuoltopiste.fi\/?page_id=226"]}]},{"@type":"BreadcrumbList","@id":"https:\/\/uudetsivut.kehonhuoltopiste.fi\/?page_id=226#breadcrumb","itemListElement":[{"@type":"ListItem","position":1,"name":"Etusivu","item":"https:\/\/uudetsivut.kehonhuoltopiste.fi\/"},{"@type":"ListItem","position":2,"name":"Tilausehdot"}]},{"@type":"WebSite","@id":"https:\/\/uudetsivut.kehonhuoltopiste.fi\/#website","url":"https:\/\/uudetsivut.kehonhuoltopiste.fi\/","name":"Kehonhuoltopiste Fixme","description":"Hieronta, osteopatia, jalkaterapia, purentalihasten hoito","publisher":{"@id":"https:\/\/uudetsivut.kehonhuoltopiste.fi\/#organization"},"potentialAction":[{"@type":"SearchAction","target":{"@type":"EntryPoint","urlTemplate":"https:\/\/uudetsivut.kehonhuoltopiste.fi\/?s={search_term_string}"},"query-input":{"@type":"PropertyValueSpecification","valueRequired":true,"valueName":"search_term_string"}}],"inLanguage":"fi"},{"@type":"Organization","@id":"https:\/\/uudetsivut.kehonhuoltopiste.fi\/#organization","name":"Kehonhuoltopiste Fixme","url":"https:\/\/uudetsivut.kehonhuoltopiste.fi\/","logo":{"@type":"ImageObject","inLanguage":"fi","@id":"https:\/\/uudetsivut.kehonhuoltopiste.fi\/#\/schema\/logo\/image\/","url":"https:\/\/uudetsivut.kehonhuoltopiste.fi\/wp-content\/uploads\/2024\/09\/Fixme_tummaharmaa_valkoinen-e1559033632965.png","contentUrl":"https:\/\/uudetsivut.kehonhuoltopiste.fi\/wp-content\/uploads\/2024\/09\/Fixme_tummaharmaa_valkoinen-e1559033632965.png","width":150,"height":150,"caption":"Kehonhuoltopiste Fixme"},"image":{"@id":"https:\/\/uudetsivut.kehonhuoltopiste.fi\/#\/schema\/logo\/image\/"},"sameAs":["https:\/\/www.facebook.com\/kehonhuoltopiste\/","https:\/\/www.instagram.com\/kehonhuoltopistefixme\/"]}]}},"_links":{"self":[{"href":"https:\/\/uudetsivut.kehonhuoltopiste.fi\/index.php?rest_route=\/wp\/v2\/pages\/226"}],"collection":[{"href":"https:\/\/uudetsivut.kehonhuoltopiste.fi\/index.php?rest_route=\/wp\/v2\/pages"}],"about":[{"href":"https:\/\/uudetsivut.kehonhuoltopiste.fi\/index.php?rest_route=\/wp\/v2\/types\/page"}],"author":[{"embeddable":true,"href":"https:\/\/uudetsivut.kehonhuoltopiste.fi\/index.php?rest_route=\/wp\/v2\/users\/1"}],"replies":[{"embeddable":true,"href":"https:\/\/uudetsivut.kehonhuoltopiste.fi\/index.php?rest_route=%2Fwp%2Fv2%2Fcomments&post=226"}],"version-history":[{"count":1,"href":"https:\/\/uudetsivut.kehonhuoltopiste.fi\/index.php?rest_route=\/wp\/v2\/pages\/226\/revisions"}],"predecessor-version":[{"id":230,"href":"https:\/\/uudetsivut.kehonhuoltopiste.fi\/index.php?rest_route=\/wp\/v2\/pages\/226\/revisions\/230"}],"wp:attachment":[{"href":"https:\/\/uudetsivut.kehonhuoltopiste.fi\/index.php?rest_route=%2Fwp%2Fv2%2Fmedia&parent=226"}],"curies":[{"name":"wp","href":"https:\/\/api.w.org\/{rel}","templated":true}]}}