{"id":19,"date":"2021-10-29T18:48:48","date_gmt":"2021-10-29T18:48:48","guid":{"rendered":"http:\/\/uudetsivut.kehonhuoltopiste.fi\/?page_id=19"},"modified":"2024-09-28T13:31:05","modified_gmt":"2024-09-28T13:31:05","slug":"meidan-tiimi","status":"publish","type":"page","link":"https:\/\/uudetsivut.kehonhuoltopiste.fi\/?page_id=19","title":{"rendered":"Meid\u00e4n tiimi"},"content":{"rendered":"<div class=\"wp-block-columns is-layout-flex wp-container-core-columns-is-layout-1 wp-block-columns-is-layout-flex\"><div class=\"wp-block-column is-vertically-aligned-bottom is-layout-flow wp-block-column-is-layout-flow\"><h2 class=\"wp-block-heading\"><a href=\"https:\/\/uudetsivut.kehonhuoltopiste.fi\/?page_id=102\" data-type=\"page\" data-id=\"102\">Koulutetut hierojat<\/a><\/h2><\/div>\n\n<div class=\"wp-block-column is-layout-flow wp-block-column-is-layout-flow\"><\/div><\/div><figure class=\"wp-block-gallery has-nested-images columns-default is-cropped wp-block-gallery-1 is-layout-flex wp-block-gallery-is-layout-flex\"><figure class=\"wp-block-image size-large\"><a href=\"http:\/\/uudetsivut.kehonhuoltopiste.fi\/?page_id=118\"><img loading=\"lazy\" decoding=\"async\" width=\"390\" height=\"480\" data-id=\"117\" src=\"http:\/\/uudetsivut.kehonhuoltopiste.fi\/wp-content\/uploads\/2024\/09\/Taija-Koulutettu-hieroja-ravintovalmentaja-Jarvenpaa.jpg\" alt=\"\" class=\"wp-image-117\" srcset=\"https:\/\/uudetsivut.kehonhuoltopiste.fi\/wp-content\/uploads\/2024\/09\/Taija-Koulutettu-hieroja-ravintovalmentaja-Jarvenpaa.jpg 390w, https:\/\/uudetsivut.kehonhuoltopiste.fi\/wp-content\/uploads\/2024\/09\/Taija-Koulutettu-hieroja-ravintovalmentaja-Jarvenpaa-244x300.jpg 244w\" sizes=\"(max-width: 390px) 100vw, 390px\" \/><\/a><figcaption class=\"wp-element-caption\">Taija Durante<\/figcaption><\/figure>\n\n<figure class=\"wp-block-image size-large\"><a href=\"http:\/\/uudetsivut.kehonhuoltopiste.fi\/?page_id=123\"><img loading=\"lazy\" decoding=\"async\" width=\"379\" height=\"481\" data-id=\"114\" src=\"http:\/\/uudetsivut.kehonhuoltopiste.fi\/wp-content\/uploads\/2024\/09\/harri-kuvaus-1.jpg\" alt=\"\" class=\"wp-image-114\" srcset=\"https:\/\/uudetsivut.kehonhuoltopiste.fi\/wp-content\/uploads\/2024\/09\/harri-kuvaus-1.jpg 379w, https:\/\/uudetsivut.kehonhuoltopiste.fi\/wp-content\/uploads\/2024\/09\/harri-kuvaus-1-236x300.jpg 236w\" sizes=\"(max-width: 379px) 100vw, 379px\" \/><\/a><figcaption class=\"wp-element-caption\">Harri H\u00e4m\u00e4l\u00e4inen<\/figcaption><\/figure>\n\n<figure class=\"wp-block-image size-large\"><a href=\"http:\/\/uudetsivut.kehonhuoltopiste.fi\/?page_id=120\"><img loading=\"lazy\" decoding=\"async\" width=\"390\" height=\"480\" data-id=\"113\" src=\"http:\/\/uudetsivut.kehonhuoltopiste.fi\/wp-content\/uploads\/2024\/09\/Maarit-kuva-390-480.jpg\" alt=\"\" class=\"wp-image-113\" srcset=\"https:\/\/uudetsivut.kehonhuoltopiste.fi\/wp-content\/uploads\/2024\/09\/Maarit-kuva-390-480.jpg 390w, https:\/\/uudetsivut.kehonhuoltopiste.fi\/wp-content\/uploads\/2024\/09\/Maarit-kuva-390-480-244x300.jpg 244w\" sizes=\"(max-width: 390px) 100vw, 390px\" \/><\/a><figcaption class=\"wp-element-caption\">Maarit T\u00f6lli<\/figcaption><\/figure><\/figure><div class=\"wp-block-columns is-layout-flex wp-container-core-columns-is-layout-2 wp-block-columns-is-layout-flex\"><div class=\"wp-block-column is-vertically-aligned-bottom is-layout-flow wp-block-column-is-layout-flow\"><h2 class=\"wp-block-heading\"><a href=\"https:\/\/uudetsivut.kehonhuoltopiste.fi\/?page_id=89\" data-type=\"page\" data-id=\"89\">Osteopaatti<\/a><\/h2><\/div>\n\n<div class=\"wp-block-column is-layout-flow wp-block-column-is-layout-flow\"><h2 class=\"wp-block-heading\"> <a href=\"https:\/\/uudetsivut.kehonhuoltopiste.fi\/?page_id=96\" data-type=\"page\" data-id=\"96\">Jalkaterapeutti<\/a><\/h2><\/div><\/div><figure class=\"wp-block-gallery has-nested-images columns-default is-cropped wp-block-gallery-2 is-layout-flex wp-block-gallery-is-layout-flex\"><figure class=\"wp-block-image size-large\"><a href=\"http:\/\/uudetsivut.kehonhuoltopiste.fi\/?page_id=125\"><img loading=\"lazy\" decoding=\"async\" width=\"325\" height=\"400\" data-id=\"250\" src=\"https:\/\/uudetsivut.kehonhuoltopiste.fi\/wp-content\/uploads\/2024\/09\/Marita-Osteopaatti-Jarvenpaa-edited.jpg\" alt=\"\" class=\"wp-image-250\" srcset=\"https:\/\/uudetsivut.kehonhuoltopiste.fi\/wp-content\/uploads\/2024\/09\/Marita-Osteopaatti-Jarvenpaa-edited.jpg 325w, https:\/\/uudetsivut.kehonhuoltopiste.fi\/wp-content\/uploads\/2024\/09\/Marita-Osteopaatti-Jarvenpaa-edited-244x300.jpg 244w\" sizes=\"(max-width: 325px) 100vw, 325px\" \/><\/a><figcaption class=\"wp-element-caption\">Marita Salminen<\/figcaption><\/figure>\n\n<figure class=\"wp-block-image size-large\"><a href=\"http:\/\/uudetsivut.kehonhuoltopiste.fi\/?page_id=127\"><img loading=\"lazy\" decoding=\"async\" width=\"313\" height=\"396\" data-id=\"249\" src=\"https:\/\/uudetsivut.kehonhuoltopiste.fi\/wp-content\/uploads\/2024\/09\/Satu-yhteystiedot-1-edited.jpeg\" alt=\"\" class=\"wp-image-249\" srcset=\"https:\/\/uudetsivut.kehonhuoltopiste.fi\/wp-content\/uploads\/2024\/09\/Satu-yhteystiedot-1-edited.jpeg 313w, https:\/\/uudetsivut.kehonhuoltopiste.fi\/wp-content\/uploads\/2024\/09\/Satu-yhteystiedot-1-edited-237x300.jpeg 237w\" sizes=\"(max-width: 313px) 100vw, 313px\" \/><\/a><figcaption class=\"wp-element-caption\">Satu Rapo<\/figcaption><\/figure><\/figure><div style=\"height:100px\" aria-hidden=\"true\" class=\"wp-block-spacer\"><\/div>","protected":false},"excerpt":{"rendered":"<p>Koulutetut hierojat Osteopaatti Jalkaterapeutti<\/p>\n","protected":false},"author":1,"featured_media":0,"parent":0,"menu_order":0,"comment_status":"closed","ping_status":"closed","template":"","meta":{"footnotes":""},"class_list":["post-19","page","type-page","status-publish","hentry"],"yoast_head":"<!-- This site is optimized with the Yoast SEO plugin v25.6 - https:\/\/yoast.com\/wordpress\/plugins\/seo\/ -->\n<title>Meid\u00e4n tiimi - Kehonhuoltopiste Fixme<\/title>\n<meta name=\"robots\" content=\"index, follow, max-snippet:-1, max-image-preview:large, max-video-preview:-1\" \/>\n<link rel=\"canonical\" href=\"https:\/\/uudetsivut.kehonhuoltopiste.fi\/?page_id=19\" \/>\n<meta property=\"og:locale\" content=\"fi_FI\" \/>\n<meta property=\"og:type\" content=\"article\" \/>\n<meta property=\"og:title\" content=\"Meid\u00e4n tiimi - Kehonhuoltopiste Fixme\" \/>\n<meta property=\"og:description\" content=\"Koulutetut hierojat Osteopaatti Jalkaterapeutti\" \/>\n<meta property=\"og:url\" content=\"https:\/\/uudetsivut.kehonhuoltopiste.fi\/?page_id=19\" \/>\n<meta property=\"og:site_name\" content=\"Kehonhuoltopiste Fixme\" \/>\n<meta property=\"article:publisher\" content=\"https:\/\/www.facebook.com\/kehonhuoltopiste\/\" \/>\n<meta property=\"article:modified_time\" content=\"2024-09-28T13:31:05+00:00\" \/>\n<meta property=\"og:image\" content=\"http:\/\/uudetsivut.kehonhuoltopiste.fi\/wp-content\/uploads\/2024\/09\/Taija-Koulutettu-hieroja-ravintovalmentaja-Jarvenpaa.jpg\" \/>\n<meta name=\"twitter:card\" content=\"summary_large_image\" \/>\n<script type=\"application\/ld+json\" class=\"yoast-schema-graph\">{\"@context\":\"https:\/\/schema.org\",\"@graph\":[{\"@type\":\"WebPage\",\"@id\":\"https:\/\/uudetsivut.kehonhuoltopiste.fi\/?page_id=19\",\"url\":\"https:\/\/uudetsivut.kehonhuoltopiste.fi\/?page_id=19\",\"name\":\"Meid\u00e4n tiimi - Kehonhuoltopiste Fixme\",\"isPartOf\":{\"@id\":\"https:\/\/uudetsivut.kehonhuoltopiste.fi\/#website\"},\"primaryImageOfPage\":{\"@id\":\"https:\/\/uudetsivut.kehonhuoltopiste.fi\/?page_id=19#primaryimage\"},\"image\":{\"@id\":\"https:\/\/uudetsivut.kehonhuoltopiste.fi\/?page_id=19#primaryimage\"},\"thumbnailUrl\":\"http:\/\/uudetsivut.kehonhuoltopiste.fi\/wp-content\/uploads\/2024\/09\/Taija-Koulutettu-hieroja-ravintovalmentaja-Jarvenpaa.jpg\",\"datePublished\":\"2021-10-29T18:48:48+00:00\",\"dateModified\":\"2024-09-28T13:31:05+00:00\",\"breadcrumb\":{\"@id\":\"https:\/\/uudetsivut.kehonhuoltopiste.fi\/?page_id=19#breadcrumb\"},\"inLanguage\":\"fi\",\"potentialAction\":[{\"@type\":\"ReadAction\",\"target\":[\"https:\/\/uudetsivut.kehonhuoltopiste.fi\/?page_id=19\"]}]},{\"@type\":\"ImageObject\",\"inLanguage\":\"fi\",\"@id\":\"https:\/\/uudetsivut.kehonhuoltopiste.fi\/?page_id=19#primaryimage\",\"url\":\"https:\/\/uudetsivut.kehonhuoltopiste.fi\/wp-content\/uploads\/2024\/09\/Taija-Koulutettu-hieroja-ravintovalmentaja-Jarvenpaa.jpg\",\"contentUrl\":\"https:\/\/uudetsivut.kehonhuoltopiste.fi\/wp-content\/uploads\/2024\/09\/Taija-Koulutettu-hieroja-ravintovalmentaja-Jarvenpaa.jpg\",\"width\":390,\"height\":480,\"caption\":\"Taija Durante, Koulutettu hieroja\"},{\"@type\":\"BreadcrumbList\",\"@id\":\"https:\/\/uudetsivut.kehonhuoltopiste.fi\/?page_id=19#breadcrumb\",\"itemListElement\":[{\"@type\":\"ListItem\",\"position\":1,\"name\":\"Etusivu\",\"item\":\"https:\/\/uudetsivut.kehonhuoltopiste.fi\/\"},{\"@type\":\"ListItem\",\"position\":2,\"name\":\"Meid\u00e4n tiimi\"}]},{\"@type\":\"WebSite\",\"@id\":\"https:\/\/uudetsivut.kehonhuoltopiste.fi\/#website\",\"url\":\"https:\/\/uudetsivut.kehonhuoltopiste.fi\/\",\"name\":\"Kehonhuoltopiste Fixme\",\"description\":\"Hieronta, osteopatia, jalkaterapia, purentalihasten hoito\",\"publisher\":{\"@id\":\"https:\/\/uudetsivut.kehonhuoltopiste.fi\/#organization\"},\"potentialAction\":[{\"@type\":\"SearchAction\",\"target\":{\"@type\":\"EntryPoint\",\"urlTemplate\":\"https:\/\/uudetsivut.kehonhuoltopiste.fi\/?s={search_term_string}\"},\"query-input\":{\"@type\":\"PropertyValueSpecification\",\"valueRequired\":true,\"valueName\":\"search_term_string\"}}],\"inLanguage\":\"fi\"},{\"@type\":\"Organization\",\"@id\":\"https:\/\/uudetsivut.kehonhuoltopiste.fi\/#organization\",\"name\":\"Kehonhuoltopiste Fixme\",\"url\":\"https:\/\/uudetsivut.kehonhuoltopiste.fi\/\",\"logo\":{\"@type\":\"ImageObject\",\"inLanguage\":\"fi\",\"@id\":\"https:\/\/uudetsivut.kehonhuoltopiste.fi\/#\/schema\/logo\/image\/\",\"url\":\"https:\/\/uudetsivut.kehonhuoltopiste.fi\/wp-content\/uploads\/2024\/09\/Fixme_tummaharmaa_valkoinen-e1559033632965.png\",\"contentUrl\":\"https:\/\/uudetsivut.kehonhuoltopiste.fi\/wp-content\/uploads\/2024\/09\/Fixme_tummaharmaa_valkoinen-e1559033632965.png\",\"width\":150,\"height\":150,\"caption\":\"Kehonhuoltopiste Fixme\"},\"image\":{\"@id\":\"https:\/\/uudetsivut.kehonhuoltopiste.fi\/#\/schema\/logo\/image\/\"},\"sameAs\":[\"https:\/\/www.facebook.com\/kehonhuoltopiste\/\",\"https:\/\/www.instagram.com\/kehonhuoltopistefixme\/\"]}]}<\/script>\n<!-- \/ Yoast SEO plugin. -->","yoast_head_json":{"title":"Meid\u00e4n tiimi - Kehonhuoltopiste Fixme","robots":{"index":"index","follow":"follow","max-snippet":"max-snippet:-1","max-image-preview":"max-image-preview:large","max-video-preview":"max-video-preview:-1"},"canonical":"https:\/\/uudetsivut.kehonhuoltopiste.fi\/?page_id=19","og_locale":"fi_FI","og_type":"article","og_title":"Meid\u00e4n tiimi - Kehonhuoltopiste Fixme","og_description":"Koulutetut hierojat Osteopaatti Jalkaterapeutti","og_url":"https:\/\/uudetsivut.kehonhuoltopiste.fi\/?page_id=19","og_site_name":"Kehonhuoltopiste Fixme","article_publisher":"https:\/\/www.facebook.com\/kehonhuoltopiste\/","article_modified_time":"2024-09-28T13:31:05+00:00","og_image":[{"url":"http:\/\/uudetsivut.kehonhuoltopiste.fi\/wp-content\/uploads\/2024\/09\/Taija-Koulutettu-hieroja-ravintovalmentaja-Jarvenpaa.jpg","type":"","width":"","height":""}],"twitter_card":"summary_large_image","schema":{"@context":"https:\/\/schema.org","@graph":[{"@type":"WebPage","@id":"https:\/\/uudetsivut.kehonhuoltopiste.fi\/?page_id=19","url":"https:\/\/uudetsivut.kehonhuoltopiste.fi\/?page_id=19","name":"Meid\u00e4n tiimi - Kehonhuoltopiste Fixme","isPartOf":{"@id":"https:\/\/uudetsivut.kehonhuoltopiste.fi\/#website"},"primaryImageOfPage":{"@id":"https:\/\/uudetsivut.kehonhuoltopiste.fi\/?page_id=19#primaryimage"},"image":{"@id":"https:\/\/uudetsivut.kehonhuoltopiste.fi\/?page_id=19#primaryimage"},"thumbnailUrl":"http:\/\/uudetsivut.kehonhuoltopiste.fi\/wp-content\/uploads\/2024\/09\/Taija-Koulutettu-hieroja-ravintovalmentaja-Jarvenpaa.jpg","datePublished":"2021-10-29T18:48:48+00:00","dateModified":"2024-09-28T13:31:05+00:00","breadcrumb":{"@id":"https:\/\/uudetsivut.kehonhuoltopiste.fi\/?page_id=19#breadcrumb"},"inLanguage":"fi","potentialAction":[{"@type":"ReadAction","target":["https:\/\/uudetsivut.kehonhuoltopiste.fi\/?page_id=19"]}]},{"@type":"ImageObject","inLanguage":"fi","@id":"https:\/\/uudetsivut.kehonhuoltopiste.fi\/?page_id=19#primaryimage","url":"https:\/\/uudetsivut.kehonhuoltopiste.fi\/wp-content\/uploads\/2024\/09\/Taija-Koulutettu-hieroja-ravintovalmentaja-Jarvenpaa.jpg","contentUrl":"https:\/\/uudetsivut.kehonhuoltopiste.fi\/wp-content\/uploads\/2024\/09\/Taija-Koulutettu-hieroja-ravintovalmentaja-Jarvenpaa.jpg","width":390,"height":480,"caption":"Taija Durante, Koulutettu hieroja"},{"@type":"BreadcrumbList","@id":"https:\/\/uudetsivut.kehonhuoltopiste.fi\/?page_id=19#breadcrumb","itemListElement":[{"@type":"ListItem","position":1,"name":"Etusivu","item":"https:\/\/uudetsivut.kehonhuoltopiste.fi\/"},{"@type":"ListItem","position":2,"name":"Meid\u00e4n tiimi"}]},{"@type":"WebSite","@id":"https:\/\/uudetsivut.kehonhuoltopiste.fi\/#website","url":"https:\/\/uudetsivut.kehonhuoltopiste.fi\/","name":"Kehonhuoltopiste Fixme","description":"Hieronta, osteopatia, jalkaterapia, purentalihasten hoito","publisher":{"@id":"https:\/\/uudetsivut.kehonhuoltopiste.fi\/#organization"},"potentialAction":[{"@type":"SearchAction","target":{"@type":"EntryPoint","urlTemplate":"https:\/\/uudetsivut.kehonhuoltopiste.fi\/?s={search_term_string}"},"query-input":{"@type":"PropertyValueSpecification","valueRequired":true,"valueName":"search_term_string"}}],"inLanguage":"fi"},{"@type":"Organization","@id":"https:\/\/uudetsivut.kehonhuoltopiste.fi\/#organization","name":"Kehonhuoltopiste Fixme","url":"https:\/\/uudetsivut.kehonhuoltopiste.fi\/","logo":{"@type":"ImageObject","inLanguage":"fi","@id":"https:\/\/uudetsivut.kehonhuoltopiste.fi\/#\/schema\/logo\/image\/","url":"https:\/\/uudetsivut.kehonhuoltopiste.fi\/wp-content\/uploads\/2024\/09\/Fixme_tummaharmaa_valkoinen-e1559033632965.png","contentUrl":"https:\/\/uudetsivut.kehonhuoltopiste.fi\/wp-content\/uploads\/2024\/09\/Fixme_tummaharmaa_valkoinen-e1559033632965.png","width":150,"height":150,"caption":"Kehonhuoltopiste Fixme"},"image":{"@id":"https:\/\/uudetsivut.kehonhuoltopiste.fi\/#\/schema\/logo\/image\/"},"sameAs":["https:\/\/www.facebook.com\/kehonhuoltopiste\/","https:\/\/www.instagram.com\/kehonhuoltopistefixme\/"]}]}},"_links":{"self":[{"href":"https:\/\/uudetsivut.kehonhuoltopiste.fi\/index.php?rest_route=\/wp\/v2\/pages\/19"}],"collection":[{"href":"https:\/\/uudetsivut.kehonhuoltopiste.fi\/index.php?rest_route=\/wp\/v2\/pages"}],"about":[{"href":"https:\/\/uudetsivut.kehonhuoltopiste.fi\/index.php?rest_route=\/wp\/v2\/types\/page"}],"author":[{"embeddable":true,"href":"https:\/\/uudetsivut.kehonhuoltopiste.fi\/index.php?rest_route=\/wp\/v2\/users\/1"}],"replies":[{"embeddable":true,"href":"https:\/\/uudetsivut.kehonhuoltopiste.fi\/index.php?rest_route=%2Fwp%2Fv2%2Fcomments&post=19"}],"version-history":[{"count":5,"href":"https:\/\/uudetsivut.kehonhuoltopiste.fi\/index.php?rest_route=\/wp\/v2\/pages\/19\/revisions"}],"predecessor-version":[{"id":279,"href":"https:\/\/uudetsivut.kehonhuoltopiste.fi\/index.php?rest_route=\/wp\/v2\/pages\/19\/revisions\/279"}],"wp:attachment":[{"href":"https:\/\/uudetsivut.kehonhuoltopiste.fi\/index.php?rest_route=%2Fwp%2Fv2%2Fmedia&parent=19"}],"curies":[{"name":"wp","href":"https:\/\/api.w.org\/{rel}","templated":true}]}}