{"id":144,"date":"2024-09-25T21:44:12","date_gmt":"2024-09-25T21:44:12","guid":{"rendered":"http:\/\/uudetsivut.kehonhuoltopiste.fi\/?page_id=144"},"modified":"2024-09-27T19:59:39","modified_gmt":"2024-09-27T19:59:39","slug":"hinnasto-2","status":"publish","type":"page","link":"https:\/\/uudetsivut.kehonhuoltopiste.fi\/?page_id=144","title":{"rendered":"Hinnasto"},"content":{"rendered":"<div class=\"wp-block-columns is-layout-flex wp-container-core-columns-is-layout-1 wp-block-columns-is-layout-flex\"><div class=\"wp-block-column is-layout-flow wp-block-column-is-layout-flow\"><h2 class=\"wp-block-heading\"><a href=\"http:\/\/uudetsivut.kehonhuoltopiste.fi\/?page_id=89\" data-type=\"page\" data-id=\"89\">Osteopatia<\/a><\/h2>\n\n<p><strong>30 min &#8211; 55\u20ac<br>45 min &#8211; 65\u20ac<br>60 min &#8211; 75\u20ac<br>90 min &#8211; 105\u20ac<\/strong><\/p><\/div>\n\n<div class=\"wp-block-column is-layout-flow wp-block-column-is-layout-flow\"><h2 class=\"wp-block-heading\"><a href=\"http:\/\/uudetsivut.kehonhuoltopiste.fi\/?page_id=96\" data-type=\"page\" data-id=\"96\">Jalkaterapia<\/a><\/h2>\n\n<p><strong>30 min &#8211; 55\u20ac<br>45 min &#8211; 65\u20ac<br>60 min &#8211; 75\u20ac<\/strong><\/p><\/div><\/div><div class=\"wp-block-columns is-layout-flex wp-container-core-columns-is-layout-2 wp-block-columns-is-layout-flex\"><div class=\"wp-block-column is-layout-flow wp-block-column-is-layout-flow\"><h2 class=\"wp-block-heading\"><a href=\"http:\/\/uudetsivut.kehonhuoltopiste.fi\/?page_id=102\" data-type=\"page\" data-id=\"102\">Hieronta<\/a><\/h2>\n\n<p><strong>30 min &#8211; 39\u20ac<br>45 min &#8211; 49\u20ac<br>60 min &#8211; 59\u20ac<br>90 min &#8211; 85\u20ac<\/strong><\/p><\/div>\n\n<div class=\"wp-block-column is-layout-flow wp-block-column-is-layout-flow\"><h2 class=\"wp-block-heading\"><a href=\"http:\/\/uudetsivut.kehonhuoltopiste.fi\/?page_id=104\" data-type=\"page\" data-id=\"104\">Purentalihasten hoito<\/a><\/h2>\n\n<p><strong>45 min &#8211; 60\u20ac<br>60 min &#8211; 70\u20ac<\/strong><\/p><\/div><\/div><p>Maksuv\u00e4linein\u00e4 k\u00e4yv\u00e4t yleisimm\u00e4t pankki- ja luottokortit, k\u00e4teinen sek\u00e4 palveluseteleist\u00e4 Edenred Hieronta, Epassi ja Smartum. Lahjakortteja saa ostettua vapaasti valittavalle summalle joko paikan p\u00e4\u00e4ll\u00e4 tai\u00a0nettikaupassamme.\u00a0Huomaathan, ett\u00e4 palveluseteleill\u00e4 ei voi ostaa muille kuin itselle osoitettuja lahjakortteja.<\/p>","protected":false},"excerpt":{"rendered":"<p>Osteopatia 30 min &#8211; 55\u20ac45 min &#8211; 65\u20ac60 min &#8211; 75\u20ac90 min &#8211; 105\u20ac Jalkaterapia 30 min &#8211; 55\u20ac45 min &#8211; 65\u20ac60 min &#8211; 75\u20ac Hieronta 30 min &#8211; 39\u20ac45 min &#8211; 49\u20ac60 min &#8211; 59\u20ac90 min &#8211; 85\u20ac Purentalihasten hoito 45 min &#8211; 60\u20ac60 min &#8211; 70\u20ac Maksuv\u00e4linein\u00e4 k\u00e4yv\u00e4t yleisimm\u00e4t pankki- ja luottokortit, k\u00e4teinen<br \/><a class=\"btn btn-tislider blog-readmore\" href=\"https:\/\/uudetsivut.kehonhuoltopiste.fi\/?page_id=144\">Read More<\/a><\/p>\n","protected":false},"author":1,"featured_media":0,"parent":0,"menu_order":0,"comment_status":"closed","ping_status":"closed","template":"","meta":{"footnotes":""},"class_list":["post-144","page","type-page","status-publish","hentry"],"yoast_head":"<!-- This site is optimized with the Yoast SEO plugin v25.6 - https:\/\/yoast.com\/wordpress\/plugins\/seo\/ -->\n<title>Hinnasto - Kehonhuoltopiste Fixme<\/title>\n<meta name=\"robots\" content=\"index, follow, max-snippet:-1, max-image-preview:large, max-video-preview:-1\" \/>\n<link rel=\"canonical\" href=\"https:\/\/uudetsivut.kehonhuoltopiste.fi\/?page_id=144\" \/>\n<meta property=\"og:locale\" content=\"fi_FI\" \/>\n<meta property=\"og:type\" content=\"article\" \/>\n<meta property=\"og:title\" content=\"Hinnasto - Kehonhuoltopiste Fixme\" \/>\n<meta property=\"og:description\" content=\"Osteopatia 30 min &#8211; 55\u20ac45 min &#8211; 65\u20ac60 min &#8211; 75\u20ac90 min &#8211; 105\u20ac Jalkaterapia 30 min &#8211; 55\u20ac45 min &#8211; 65\u20ac60 min &#8211; 75\u20ac Hieronta 30 min &#8211; 39\u20ac45 min &#8211; 49\u20ac60 min &#8211; 59\u20ac90 min &#8211; 85\u20ac Purentalihasten hoito 45 min &#8211; 60\u20ac60 min &#8211; 70\u20ac Maksuv\u00e4linein\u00e4 k\u00e4yv\u00e4t yleisimm\u00e4t pankki- ja luottokortit, k\u00e4teinenRead More\" \/>\n<meta property=\"og:url\" content=\"https:\/\/uudetsivut.kehonhuoltopiste.fi\/?page_id=144\" \/>\n<meta property=\"og:site_name\" content=\"Kehonhuoltopiste Fixme\" \/>\n<meta property=\"article:publisher\" content=\"https:\/\/www.facebook.com\/kehonhuoltopiste\/\" \/>\n<meta property=\"article:modified_time\" content=\"2024-09-27T19:59:39+00:00\" \/>\n<meta name=\"twitter:card\" content=\"summary_large_image\" \/>\n<script type=\"application\/ld+json\" class=\"yoast-schema-graph\">{\"@context\":\"https:\/\/schema.org\",\"@graph\":[{\"@type\":\"WebPage\",\"@id\":\"https:\/\/uudetsivut.kehonhuoltopiste.fi\/?page_id=144\",\"url\":\"https:\/\/uudetsivut.kehonhuoltopiste.fi\/?page_id=144\",\"name\":\"Hinnasto - Kehonhuoltopiste Fixme\",\"isPartOf\":{\"@id\":\"https:\/\/uudetsivut.kehonhuoltopiste.fi\/#website\"},\"datePublished\":\"2024-09-25T21:44:12+00:00\",\"dateModified\":\"2024-09-27T19:59:39+00:00\",\"breadcrumb\":{\"@id\":\"https:\/\/uudetsivut.kehonhuoltopiste.fi\/?page_id=144#breadcrumb\"},\"inLanguage\":\"fi\",\"potentialAction\":[{\"@type\":\"ReadAction\",\"target\":[\"https:\/\/uudetsivut.kehonhuoltopiste.fi\/?page_id=144\"]}]},{\"@type\":\"BreadcrumbList\",\"@id\":\"https:\/\/uudetsivut.kehonhuoltopiste.fi\/?page_id=144#breadcrumb\",\"itemListElement\":[{\"@type\":\"ListItem\",\"position\":1,\"name\":\"Etusivu\",\"item\":\"https:\/\/uudetsivut.kehonhuoltopiste.fi\/\"},{\"@type\":\"ListItem\",\"position\":2,\"name\":\"Hinnasto\"}]},{\"@type\":\"WebSite\",\"@id\":\"https:\/\/uudetsivut.kehonhuoltopiste.fi\/#website\",\"url\":\"https:\/\/uudetsivut.kehonhuoltopiste.fi\/\",\"name\":\"Kehonhuoltopiste Fixme\",\"description\":\"Hieronta, osteopatia, jalkaterapia, purentalihasten hoito\",\"publisher\":{\"@id\":\"https:\/\/uudetsivut.kehonhuoltopiste.fi\/#organization\"},\"potentialAction\":[{\"@type\":\"SearchAction\",\"target\":{\"@type\":\"EntryPoint\",\"urlTemplate\":\"https:\/\/uudetsivut.kehonhuoltopiste.fi\/?s={search_term_string}\"},\"query-input\":{\"@type\":\"PropertyValueSpecification\",\"valueRequired\":true,\"valueName\":\"search_term_string\"}}],\"inLanguage\":\"fi\"},{\"@type\":\"Organization\",\"@id\":\"https:\/\/uudetsivut.kehonhuoltopiste.fi\/#organization\",\"name\":\"Kehonhuoltopiste Fixme\",\"url\":\"https:\/\/uudetsivut.kehonhuoltopiste.fi\/\",\"logo\":{\"@type\":\"ImageObject\",\"inLanguage\":\"fi\",\"@id\":\"https:\/\/uudetsivut.kehonhuoltopiste.fi\/#\/schema\/logo\/image\/\",\"url\":\"https:\/\/uudetsivut.kehonhuoltopiste.fi\/wp-content\/uploads\/2024\/09\/Fixme_tummaharmaa_valkoinen-e1559033632965.png\",\"contentUrl\":\"https:\/\/uudetsivut.kehonhuoltopiste.fi\/wp-content\/uploads\/2024\/09\/Fixme_tummaharmaa_valkoinen-e1559033632965.png\",\"width\":150,\"height\":150,\"caption\":\"Kehonhuoltopiste Fixme\"},\"image\":{\"@id\":\"https:\/\/uudetsivut.kehonhuoltopiste.fi\/#\/schema\/logo\/image\/\"},\"sameAs\":[\"https:\/\/www.facebook.com\/kehonhuoltopiste\/\",\"https:\/\/www.instagram.com\/kehonhuoltopistefixme\/\"]}]}<\/script>\n<!-- \/ Yoast SEO plugin. -->","yoast_head_json":{"title":"Hinnasto - Kehonhuoltopiste Fixme","robots":{"index":"index","follow":"follow","max-snippet":"max-snippet:-1","max-image-preview":"max-image-preview:large","max-video-preview":"max-video-preview:-1"},"canonical":"https:\/\/uudetsivut.kehonhuoltopiste.fi\/?page_id=144","og_locale":"fi_FI","og_type":"article","og_title":"Hinnasto - Kehonhuoltopiste Fixme","og_description":"Osteopatia 30 min &#8211; 55\u20ac45 min &#8211; 65\u20ac60 min &#8211; 75\u20ac90 min &#8211; 105\u20ac Jalkaterapia 30 min &#8211; 55\u20ac45 min &#8211; 65\u20ac60 min &#8211; 75\u20ac Hieronta 30 min &#8211; 39\u20ac45 min &#8211; 49\u20ac60 min &#8211; 59\u20ac90 min &#8211; 85\u20ac Purentalihasten hoito 45 min &#8211; 60\u20ac60 min &#8211; 70\u20ac Maksuv\u00e4linein\u00e4 k\u00e4yv\u00e4t yleisimm\u00e4t pankki- ja luottokortit, k\u00e4teinenRead More","og_url":"https:\/\/uudetsivut.kehonhuoltopiste.fi\/?page_id=144","og_site_name":"Kehonhuoltopiste Fixme","article_publisher":"https:\/\/www.facebook.com\/kehonhuoltopiste\/","article_modified_time":"2024-09-27T19:59:39+00:00","twitter_card":"summary_large_image","schema":{"@context":"https:\/\/schema.org","@graph":[{"@type":"WebPage","@id":"https:\/\/uudetsivut.kehonhuoltopiste.fi\/?page_id=144","url":"https:\/\/uudetsivut.kehonhuoltopiste.fi\/?page_id=144","name":"Hinnasto - Kehonhuoltopiste Fixme","isPartOf":{"@id":"https:\/\/uudetsivut.kehonhuoltopiste.fi\/#website"},"datePublished":"2024-09-25T21:44:12+00:00","dateModified":"2024-09-27T19:59:39+00:00","breadcrumb":{"@id":"https:\/\/uudetsivut.kehonhuoltopiste.fi\/?page_id=144#breadcrumb"},"inLanguage":"fi","potentialAction":[{"@type":"ReadAction","target":["https:\/\/uudetsivut.kehonhuoltopiste.fi\/?page_id=144"]}]},{"@type":"BreadcrumbList","@id":"https:\/\/uudetsivut.kehonhuoltopiste.fi\/?page_id=144#breadcrumb","itemListElement":[{"@type":"ListItem","position":1,"name":"Etusivu","item":"https:\/\/uudetsivut.kehonhuoltopiste.fi\/"},{"@type":"ListItem","position":2,"name":"Hinnasto"}]},{"@type":"WebSite","@id":"https:\/\/uudetsivut.kehonhuoltopiste.fi\/#website","url":"https:\/\/uudetsivut.kehonhuoltopiste.fi\/","name":"Kehonhuoltopiste Fixme","description":"Hieronta, osteopatia, jalkaterapia, purentalihasten hoito","publisher":{"@id":"https:\/\/uudetsivut.kehonhuoltopiste.fi\/#organization"},"potentialAction":[{"@type":"SearchAction","target":{"@type":"EntryPoint","urlTemplate":"https:\/\/uudetsivut.kehonhuoltopiste.fi\/?s={search_term_string}"},"query-input":{"@type":"PropertyValueSpecification","valueRequired":true,"valueName":"search_term_string"}}],"inLanguage":"fi"},{"@type":"Organization","@id":"https:\/\/uudetsivut.kehonhuoltopiste.fi\/#organization","name":"Kehonhuoltopiste Fixme","url":"https:\/\/uudetsivut.kehonhuoltopiste.fi\/","logo":{"@type":"ImageObject","inLanguage":"fi","@id":"https:\/\/uudetsivut.kehonhuoltopiste.fi\/#\/schema\/logo\/image\/","url":"https:\/\/uudetsivut.kehonhuoltopiste.fi\/wp-content\/uploads\/2024\/09\/Fixme_tummaharmaa_valkoinen-e1559033632965.png","contentUrl":"https:\/\/uudetsivut.kehonhuoltopiste.fi\/wp-content\/uploads\/2024\/09\/Fixme_tummaharmaa_valkoinen-e1559033632965.png","width":150,"height":150,"caption":"Kehonhuoltopiste Fixme"},"image":{"@id":"https:\/\/uudetsivut.kehonhuoltopiste.fi\/#\/schema\/logo\/image\/"},"sameAs":["https:\/\/www.facebook.com\/kehonhuoltopiste\/","https:\/\/www.instagram.com\/kehonhuoltopistefixme\/"]}]}},"_links":{"self":[{"href":"https:\/\/uudetsivut.kehonhuoltopiste.fi\/index.php?rest_route=\/wp\/v2\/pages\/144"}],"collection":[{"href":"https:\/\/uudetsivut.kehonhuoltopiste.fi\/index.php?rest_route=\/wp\/v2\/pages"}],"about":[{"href":"https:\/\/uudetsivut.kehonhuoltopiste.fi\/index.php?rest_route=\/wp\/v2\/types\/page"}],"author":[{"embeddable":true,"href":"https:\/\/uudetsivut.kehonhuoltopiste.fi\/index.php?rest_route=\/wp\/v2\/users\/1"}],"replies":[{"embeddable":true,"href":"https:\/\/uudetsivut.kehonhuoltopiste.fi\/index.php?rest_route=%2Fwp%2Fv2%2Fcomments&post=144"}],"version-history":[{"count":3,"href":"https:\/\/uudetsivut.kehonhuoltopiste.fi\/index.php?rest_route=\/wp\/v2\/pages\/144\/revisions"}],"predecessor-version":[{"id":147,"href":"https:\/\/uudetsivut.kehonhuoltopiste.fi\/index.php?rest_route=\/wp\/v2\/pages\/144\/revisions\/147"}],"wp:attachment":[{"href":"https:\/\/uudetsivut.kehonhuoltopiste.fi\/index.php?rest_route=%2Fwp%2Fv2%2Fmedia&parent=144"}],"curies":[{"name":"wp","href":"https:\/\/api.w.org\/{rel}","templated":true}]}}