{"id":125,"date":"2024-09-25T21:10:08","date_gmt":"2024-09-25T21:10:08","guid":{"rendered":"http:\/\/uudetsivut.kehonhuoltopiste.fi\/?page_id=125"},"modified":"2024-09-25T21:10:20","modified_gmt":"2024-09-25T21:10:20","slug":"marita-salminen","status":"publish","type":"page","link":"https:\/\/uudetsivut.kehonhuoltopiste.fi\/?page_id=125","title":{"rendered":"Marita Salminen"},"content":{"rendered":"<h2 class=\"wp-block-heading\">Osteopaatti<\/h2><p>Olen koulutukseltani osteopaatti, hieroja sek\u00e4 liikuntaneuvoja. Olen suorittanut lukuisia lis\u00e4koulutuksia, jonka lis\u00e4ksi p\u00e4ivit\u00e4n osaamistani vuosittain erilaisilla kursseilla.&nbsp;Vastaanotollani haastattelen, tutkin, hoidan sek\u00e4 annan terapeuttisia harjoitteita erilaisiin kiputiloihin.&nbsp;Hoidoissani yhdistyv\u00e4t hieronta, faskiamanipulaatio, nivelk\u00e4sittely, akupunktio, arpikudoshoito sek\u00e4 terapeuttinen harjoittelu. Suunnittelen hoidon aina tarpeen mukaan.<\/p><p>Mielenkiintoni kohteina ovat erityisesti lasten ja nuorten tuki- ja liikuntaelinvaivat, neurologiset vaivat, alaselk\u00e4kipu, p\u00e4\u00e4ns\u00e4rky ja huimaus, raskauden aikaiset kiputilat sek\u00e4 pitkittynyt kipu.&nbsp;Vastaanotolleni voi tulla my\u00f6s ilman mit\u00e4\u00e4n oireita, sill\u00e4 koen arjen rentoutumisen t\u00e4rke\u00e4n\u00e4 osana palautumista ja yleist\u00e4 hyvinvointia.<\/p>","protected":false},"excerpt":{"rendered":"<p>Osteopaatti Olen koulutukseltani osteopaatti, hieroja sek\u00e4 liikuntaneuvoja. Olen suorittanut lukuisia lis\u00e4koulutuksia, jonka lis\u00e4ksi p\u00e4ivit\u00e4n osaamistani vuosittain erilaisilla kursseilla.&nbsp;Vastaanotollani haastattelen, tutkin, hoidan sek\u00e4 annan terapeuttisia harjoitteita erilaisiin kiputiloihin.&nbsp;Hoidoissani yhdistyv\u00e4t hieronta, faskiamanipulaatio, nivelk\u00e4sittely, akupunktio, arpikudoshoito sek\u00e4 terapeuttinen harjoittelu. Suunnittelen hoidon aina tarpeen mukaan. Mielenkiintoni kohteina ovat erityisesti lasten ja nuorten tuki- ja liikuntaelinvaivat, neurologiset vaivat, alaselk\u00e4kipu, p\u00e4\u00e4ns\u00e4rky<br \/><a class=\"btn btn-tislider blog-readmore\" href=\"https:\/\/uudetsivut.kehonhuoltopiste.fi\/?page_id=125\">Read More<\/a><\/p>\n","protected":false},"author":1,"featured_media":0,"parent":19,"menu_order":0,"comment_status":"closed","ping_status":"closed","template":"","meta":{"footnotes":""},"class_list":["post-125","page","type-page","status-publish","hentry"],"yoast_head":"<!-- This site is optimized with the Yoast SEO plugin v25.6 - https:\/\/yoast.com\/wordpress\/plugins\/seo\/ -->\n<title>Marita Salminen - Kehonhuoltopiste Fixme<\/title>\n<meta name=\"robots\" content=\"index, follow, max-snippet:-1, max-image-preview:large, max-video-preview:-1\" \/>\n<link rel=\"canonical\" href=\"https:\/\/uudetsivut.kehonhuoltopiste.fi\/?page_id=125\" \/>\n<meta property=\"og:locale\" content=\"fi_FI\" \/>\n<meta property=\"og:type\" content=\"article\" \/>\n<meta property=\"og:title\" content=\"Marita Salminen - Kehonhuoltopiste Fixme\" \/>\n<meta property=\"og:description\" content=\"Osteopaatti Olen koulutukseltani osteopaatti, hieroja sek\u00e4 liikuntaneuvoja. Olen suorittanut lukuisia lis\u00e4koulutuksia, jonka lis\u00e4ksi p\u00e4ivit\u00e4n osaamistani vuosittain erilaisilla kursseilla.&nbsp;Vastaanotollani haastattelen, tutkin, hoidan sek\u00e4 annan terapeuttisia harjoitteita erilaisiin kiputiloihin.&nbsp;Hoidoissani yhdistyv\u00e4t hieronta, faskiamanipulaatio, nivelk\u00e4sittely, akupunktio, arpikudoshoito sek\u00e4 terapeuttinen harjoittelu. Suunnittelen hoidon aina tarpeen mukaan. Mielenkiintoni kohteina ovat erityisesti lasten ja nuorten tuki- ja liikuntaelinvaivat, neurologiset vaivat, alaselk\u00e4kipu, p\u00e4\u00e4ns\u00e4rkyRead More\" \/>\n<meta property=\"og:url\" content=\"https:\/\/uudetsivut.kehonhuoltopiste.fi\/?page_id=125\" \/>\n<meta property=\"og:site_name\" content=\"Kehonhuoltopiste Fixme\" \/>\n<meta property=\"article:publisher\" content=\"https:\/\/www.facebook.com\/kehonhuoltopiste\/\" \/>\n<meta property=\"article:modified_time\" content=\"2024-09-25T21:10:20+00:00\" \/>\n<meta name=\"twitter:card\" content=\"summary_large_image\" \/>\n<script type=\"application\/ld+json\" class=\"yoast-schema-graph\">{\"@context\":\"https:\/\/schema.org\",\"@graph\":[{\"@type\":\"WebPage\",\"@id\":\"https:\/\/uudetsivut.kehonhuoltopiste.fi\/?page_id=125\",\"url\":\"https:\/\/uudetsivut.kehonhuoltopiste.fi\/?page_id=125\",\"name\":\"Marita Salminen - Kehonhuoltopiste Fixme\",\"isPartOf\":{\"@id\":\"https:\/\/uudetsivut.kehonhuoltopiste.fi\/#website\"},\"datePublished\":\"2024-09-25T21:10:08+00:00\",\"dateModified\":\"2024-09-25T21:10:20+00:00\",\"breadcrumb\":{\"@id\":\"https:\/\/uudetsivut.kehonhuoltopiste.fi\/?page_id=125#breadcrumb\"},\"inLanguage\":\"fi\",\"potentialAction\":[{\"@type\":\"ReadAction\",\"target\":[\"https:\/\/uudetsivut.kehonhuoltopiste.fi\/?page_id=125\"]}]},{\"@type\":\"BreadcrumbList\",\"@id\":\"https:\/\/uudetsivut.kehonhuoltopiste.fi\/?page_id=125#breadcrumb\",\"itemListElement\":[{\"@type\":\"ListItem\",\"position\":1,\"name\":\"Etusivu\",\"item\":\"https:\/\/uudetsivut.kehonhuoltopiste.fi\/\"},{\"@type\":\"ListItem\",\"position\":2,\"name\":\"Meid\u00e4n tiimi\",\"item\":\"https:\/\/uudetsivut.kehonhuoltopiste.fi\/?page_id=19\"},{\"@type\":\"ListItem\",\"position\":3,\"name\":\"Marita Salminen\"}]},{\"@type\":\"WebSite\",\"@id\":\"https:\/\/uudetsivut.kehonhuoltopiste.fi\/#website\",\"url\":\"https:\/\/uudetsivut.kehonhuoltopiste.fi\/\",\"name\":\"Kehonhuoltopiste Fixme\",\"description\":\"Hieronta, osteopatia, jalkaterapia, purentalihasten hoito\",\"publisher\":{\"@id\":\"https:\/\/uudetsivut.kehonhuoltopiste.fi\/#organization\"},\"potentialAction\":[{\"@type\":\"SearchAction\",\"target\":{\"@type\":\"EntryPoint\",\"urlTemplate\":\"https:\/\/uudetsivut.kehonhuoltopiste.fi\/?s={search_term_string}\"},\"query-input\":{\"@type\":\"PropertyValueSpecification\",\"valueRequired\":true,\"valueName\":\"search_term_string\"}}],\"inLanguage\":\"fi\"},{\"@type\":\"Organization\",\"@id\":\"https:\/\/uudetsivut.kehonhuoltopiste.fi\/#organization\",\"name\":\"Kehonhuoltopiste Fixme\",\"url\":\"https:\/\/uudetsivut.kehonhuoltopiste.fi\/\",\"logo\":{\"@type\":\"ImageObject\",\"inLanguage\":\"fi\",\"@id\":\"https:\/\/uudetsivut.kehonhuoltopiste.fi\/#\/schema\/logo\/image\/\",\"url\":\"https:\/\/uudetsivut.kehonhuoltopiste.fi\/wp-content\/uploads\/2024\/09\/Fixme_tummaharmaa_valkoinen-e1559033632965.png\",\"contentUrl\":\"https:\/\/uudetsivut.kehonhuoltopiste.fi\/wp-content\/uploads\/2024\/09\/Fixme_tummaharmaa_valkoinen-e1559033632965.png\",\"width\":150,\"height\":150,\"caption\":\"Kehonhuoltopiste Fixme\"},\"image\":{\"@id\":\"https:\/\/uudetsivut.kehonhuoltopiste.fi\/#\/schema\/logo\/image\/\"},\"sameAs\":[\"https:\/\/www.facebook.com\/kehonhuoltopiste\/\",\"https:\/\/www.instagram.com\/kehonhuoltopistefixme\/\"]}]}<\/script>\n<!-- \/ Yoast SEO plugin. -->","yoast_head_json":{"title":"Marita Salminen - Kehonhuoltopiste Fixme","robots":{"index":"index","follow":"follow","max-snippet":"max-snippet:-1","max-image-preview":"max-image-preview:large","max-video-preview":"max-video-preview:-1"},"canonical":"https:\/\/uudetsivut.kehonhuoltopiste.fi\/?page_id=125","og_locale":"fi_FI","og_type":"article","og_title":"Marita Salminen - Kehonhuoltopiste Fixme","og_description":"Osteopaatti Olen koulutukseltani osteopaatti, hieroja sek\u00e4 liikuntaneuvoja. Olen suorittanut lukuisia lis\u00e4koulutuksia, jonka lis\u00e4ksi p\u00e4ivit\u00e4n osaamistani vuosittain erilaisilla kursseilla.&nbsp;Vastaanotollani haastattelen, tutkin, hoidan sek\u00e4 annan terapeuttisia harjoitteita erilaisiin kiputiloihin.&nbsp;Hoidoissani yhdistyv\u00e4t hieronta, faskiamanipulaatio, nivelk\u00e4sittely, akupunktio, arpikudoshoito sek\u00e4 terapeuttinen harjoittelu. Suunnittelen hoidon aina tarpeen mukaan. Mielenkiintoni kohteina ovat erityisesti lasten ja nuorten tuki- ja liikuntaelinvaivat, neurologiset vaivat, alaselk\u00e4kipu, p\u00e4\u00e4ns\u00e4rkyRead More","og_url":"https:\/\/uudetsivut.kehonhuoltopiste.fi\/?page_id=125","og_site_name":"Kehonhuoltopiste Fixme","article_publisher":"https:\/\/www.facebook.com\/kehonhuoltopiste\/","article_modified_time":"2024-09-25T21:10:20+00:00","twitter_card":"summary_large_image","schema":{"@context":"https:\/\/schema.org","@graph":[{"@type":"WebPage","@id":"https:\/\/uudetsivut.kehonhuoltopiste.fi\/?page_id=125","url":"https:\/\/uudetsivut.kehonhuoltopiste.fi\/?page_id=125","name":"Marita Salminen - Kehonhuoltopiste Fixme","isPartOf":{"@id":"https:\/\/uudetsivut.kehonhuoltopiste.fi\/#website"},"datePublished":"2024-09-25T21:10:08+00:00","dateModified":"2024-09-25T21:10:20+00:00","breadcrumb":{"@id":"https:\/\/uudetsivut.kehonhuoltopiste.fi\/?page_id=125#breadcrumb"},"inLanguage":"fi","potentialAction":[{"@type":"ReadAction","target":["https:\/\/uudetsivut.kehonhuoltopiste.fi\/?page_id=125"]}]},{"@type":"BreadcrumbList","@id":"https:\/\/uudetsivut.kehonhuoltopiste.fi\/?page_id=125#breadcrumb","itemListElement":[{"@type":"ListItem","position":1,"name":"Etusivu","item":"https:\/\/uudetsivut.kehonhuoltopiste.fi\/"},{"@type":"ListItem","position":2,"name":"Meid\u00e4n tiimi","item":"https:\/\/uudetsivut.kehonhuoltopiste.fi\/?page_id=19"},{"@type":"ListItem","position":3,"name":"Marita Salminen"}]},{"@type":"WebSite","@id":"https:\/\/uudetsivut.kehonhuoltopiste.fi\/#website","url":"https:\/\/uudetsivut.kehonhuoltopiste.fi\/","name":"Kehonhuoltopiste Fixme","description":"Hieronta, osteopatia, jalkaterapia, purentalihasten hoito","publisher":{"@id":"https:\/\/uudetsivut.kehonhuoltopiste.fi\/#organization"},"potentialAction":[{"@type":"SearchAction","target":{"@type":"EntryPoint","urlTemplate":"https:\/\/uudetsivut.kehonhuoltopiste.fi\/?s={search_term_string}"},"query-input":{"@type":"PropertyValueSpecification","valueRequired":true,"valueName":"search_term_string"}}],"inLanguage":"fi"},{"@type":"Organization","@id":"https:\/\/uudetsivut.kehonhuoltopiste.fi\/#organization","name":"Kehonhuoltopiste Fixme","url":"https:\/\/uudetsivut.kehonhuoltopiste.fi\/","logo":{"@type":"ImageObject","inLanguage":"fi","@id":"https:\/\/uudetsivut.kehonhuoltopiste.fi\/#\/schema\/logo\/image\/","url":"https:\/\/uudetsivut.kehonhuoltopiste.fi\/wp-content\/uploads\/2024\/09\/Fixme_tummaharmaa_valkoinen-e1559033632965.png","contentUrl":"https:\/\/uudetsivut.kehonhuoltopiste.fi\/wp-content\/uploads\/2024\/09\/Fixme_tummaharmaa_valkoinen-e1559033632965.png","width":150,"height":150,"caption":"Kehonhuoltopiste Fixme"},"image":{"@id":"https:\/\/uudetsivut.kehonhuoltopiste.fi\/#\/schema\/logo\/image\/"},"sameAs":["https:\/\/www.facebook.com\/kehonhuoltopiste\/","https:\/\/www.instagram.com\/kehonhuoltopistefixme\/"]}]}},"_links":{"self":[{"href":"https:\/\/uudetsivut.kehonhuoltopiste.fi\/index.php?rest_route=\/wp\/v2\/pages\/125"}],"collection":[{"href":"https:\/\/uudetsivut.kehonhuoltopiste.fi\/index.php?rest_route=\/wp\/v2\/pages"}],"about":[{"href":"https:\/\/uudetsivut.kehonhuoltopiste.fi\/index.php?rest_route=\/wp\/v2\/types\/page"}],"author":[{"embeddable":true,"href":"https:\/\/uudetsivut.kehonhuoltopiste.fi\/index.php?rest_route=\/wp\/v2\/users\/1"}],"replies":[{"embeddable":true,"href":"https:\/\/uudetsivut.kehonhuoltopiste.fi\/index.php?rest_route=%2Fwp%2Fv2%2Fcomments&post=125"}],"version-history":[{"count":1,"href":"https:\/\/uudetsivut.kehonhuoltopiste.fi\/index.php?rest_route=\/wp\/v2\/pages\/125\/revisions"}],"predecessor-version":[{"id":126,"href":"https:\/\/uudetsivut.kehonhuoltopiste.fi\/index.php?rest_route=\/wp\/v2\/pages\/125\/revisions\/126"}],"up":[{"embeddable":true,"href":"https:\/\/uudetsivut.kehonhuoltopiste.fi\/index.php?rest_route=\/wp\/v2\/pages\/19"}],"wp:attachment":[{"href":"https:\/\/uudetsivut.kehonhuoltopiste.fi\/index.php?rest_route=%2Fwp%2Fv2%2Fmedia&parent=125"}],"curies":[{"name":"wp","href":"https:\/\/api.w.org\/{rel}","templated":true}]}}