{"id":123,"date":"2024-09-25T21:09:19","date_gmt":"2024-09-25T21:09:19","guid":{"rendered":"http:\/\/uudetsivut.kehonhuoltopiste.fi\/?page_id=123"},"modified":"2024-09-25T21:11:37","modified_gmt":"2024-09-25T21:11:37","slug":"harri-hamalainen","status":"publish","type":"page","link":"https:\/\/uudetsivut.kehonhuoltopiste.fi\/?page_id=123","title":{"rendered":"Harri H\u00e4m\u00e4l\u00e4inen"},"content":{"rendered":"<h2 class=\"wp-block-heading\">Koulutettu hieroja<\/h2><p>Olen koulutukseltani koulutettu hieroja sek\u00e4 palomies. Palomiehen\u00e4 olen toiminut vuodesta 2008 l\u00e4htien. Koulutetuksi hierojaksi valmistuin hierontakoulu Atlaksesta ja koulutuksen valinnaisena osana olen suorittanut niveltoiminnan edist\u00e4misen osion.<\/p><p>Urheilua olen harrastanut koko ik\u00e4ni. Lajitaustaa l\u00f6ytyy mm. pes\u00e4pallosta, j\u00e4\u00e4kiekosta ja kamppailulajeista. T\u00e4st\u00e4 johtuen olenkin aina ollut todella kiinnostunut hyvinvoinnista ja siit\u00e4 miten ihmiskeho toimii.<\/p><p>Jos kaipaat lihashuoltoa tai ihan vaan rentoutumista, niin tervetuloa k\u00e4sittelyyni!<\/p>","protected":false},"excerpt":{"rendered":"<p>Koulutettu hieroja Olen koulutukseltani koulutettu hieroja sek\u00e4 palomies. Palomiehen\u00e4 olen toiminut vuodesta 2008 l\u00e4htien. Koulutetuksi hierojaksi valmistuin hierontakoulu Atlaksesta ja koulutuksen valinnaisena osana olen suorittanut niveltoiminnan edist\u00e4misen osion. Urheilua olen harrastanut koko ik\u00e4ni. Lajitaustaa l\u00f6ytyy mm. pes\u00e4pallosta, j\u00e4\u00e4kiekosta ja kamppailulajeista. T\u00e4st\u00e4 johtuen olenkin aina ollut todella kiinnostunut hyvinvoinnista ja siit\u00e4 miten ihmiskeho toimii. Jos kaipaat<br \/><a class=\"btn btn-tislider blog-readmore\" href=\"https:\/\/uudetsivut.kehonhuoltopiste.fi\/?page_id=123\">Read More<\/a><\/p>\n","protected":false},"author":1,"featured_media":0,"parent":19,"menu_order":0,"comment_status":"closed","ping_status":"closed","template":"","meta":{"footnotes":""},"class_list":["post-123","page","type-page","status-publish","hentry"],"yoast_head":"<!-- This site is optimized with the Yoast SEO plugin v25.6 - https:\/\/yoast.com\/wordpress\/plugins\/seo\/ -->\n<title>Harri H\u00e4m\u00e4l\u00e4inen - Kehonhuoltopiste Fixme<\/title>\n<meta name=\"robots\" content=\"index, follow, max-snippet:-1, max-image-preview:large, max-video-preview:-1\" \/>\n<link rel=\"canonical\" href=\"https:\/\/uudetsivut.kehonhuoltopiste.fi\/?page_id=123\" \/>\n<meta property=\"og:locale\" content=\"fi_FI\" \/>\n<meta property=\"og:type\" content=\"article\" \/>\n<meta property=\"og:title\" content=\"Harri H\u00e4m\u00e4l\u00e4inen - Kehonhuoltopiste Fixme\" \/>\n<meta property=\"og:description\" content=\"Koulutettu hieroja Olen koulutukseltani koulutettu hieroja sek\u00e4 palomies. Palomiehen\u00e4 olen toiminut vuodesta 2008 l\u00e4htien. Koulutetuksi hierojaksi valmistuin hierontakoulu Atlaksesta ja koulutuksen valinnaisena osana olen suorittanut niveltoiminnan edist\u00e4misen osion. Urheilua olen harrastanut koko ik\u00e4ni. Lajitaustaa l\u00f6ytyy mm. pes\u00e4pallosta, j\u00e4\u00e4kiekosta ja kamppailulajeista. T\u00e4st\u00e4 johtuen olenkin aina ollut todella kiinnostunut hyvinvoinnista ja siit\u00e4 miten ihmiskeho toimii. Jos kaipaatRead More\" \/>\n<meta property=\"og:url\" content=\"https:\/\/uudetsivut.kehonhuoltopiste.fi\/?page_id=123\" \/>\n<meta property=\"og:site_name\" content=\"Kehonhuoltopiste Fixme\" \/>\n<meta property=\"article:publisher\" content=\"https:\/\/www.facebook.com\/kehonhuoltopiste\/\" \/>\n<meta property=\"article:modified_time\" content=\"2024-09-25T21:11:37+00:00\" \/>\n<meta name=\"twitter:card\" content=\"summary_large_image\" \/>\n<script type=\"application\/ld+json\" class=\"yoast-schema-graph\">{\"@context\":\"https:\/\/schema.org\",\"@graph\":[{\"@type\":\"WebPage\",\"@id\":\"https:\/\/uudetsivut.kehonhuoltopiste.fi\/?page_id=123\",\"url\":\"https:\/\/uudetsivut.kehonhuoltopiste.fi\/?page_id=123\",\"name\":\"Harri H\u00e4m\u00e4l\u00e4inen - Kehonhuoltopiste Fixme\",\"isPartOf\":{\"@id\":\"https:\/\/uudetsivut.kehonhuoltopiste.fi\/#website\"},\"datePublished\":\"2024-09-25T21:09:19+00:00\",\"dateModified\":\"2024-09-25T21:11:37+00:00\",\"breadcrumb\":{\"@id\":\"https:\/\/uudetsivut.kehonhuoltopiste.fi\/?page_id=123#breadcrumb\"},\"inLanguage\":\"fi\",\"potentialAction\":[{\"@type\":\"ReadAction\",\"target\":[\"https:\/\/uudetsivut.kehonhuoltopiste.fi\/?page_id=123\"]}]},{\"@type\":\"BreadcrumbList\",\"@id\":\"https:\/\/uudetsivut.kehonhuoltopiste.fi\/?page_id=123#breadcrumb\",\"itemListElement\":[{\"@type\":\"ListItem\",\"position\":1,\"name\":\"Etusivu\",\"item\":\"https:\/\/uudetsivut.kehonhuoltopiste.fi\/\"},{\"@type\":\"ListItem\",\"position\":2,\"name\":\"Meid\u00e4n tiimi\",\"item\":\"https:\/\/uudetsivut.kehonhuoltopiste.fi\/?page_id=19\"},{\"@type\":\"ListItem\",\"position\":3,\"name\":\"Harri H\u00e4m\u00e4l\u00e4inen\"}]},{\"@type\":\"WebSite\",\"@id\":\"https:\/\/uudetsivut.kehonhuoltopiste.fi\/#website\",\"url\":\"https:\/\/uudetsivut.kehonhuoltopiste.fi\/\",\"name\":\"Kehonhuoltopiste Fixme\",\"description\":\"Hieronta, osteopatia, jalkaterapia, purentalihasten hoito\",\"publisher\":{\"@id\":\"https:\/\/uudetsivut.kehonhuoltopiste.fi\/#organization\"},\"potentialAction\":[{\"@type\":\"SearchAction\",\"target\":{\"@type\":\"EntryPoint\",\"urlTemplate\":\"https:\/\/uudetsivut.kehonhuoltopiste.fi\/?s={search_term_string}\"},\"query-input\":{\"@type\":\"PropertyValueSpecification\",\"valueRequired\":true,\"valueName\":\"search_term_string\"}}],\"inLanguage\":\"fi\"},{\"@type\":\"Organization\",\"@id\":\"https:\/\/uudetsivut.kehonhuoltopiste.fi\/#organization\",\"name\":\"Kehonhuoltopiste Fixme\",\"url\":\"https:\/\/uudetsivut.kehonhuoltopiste.fi\/\",\"logo\":{\"@type\":\"ImageObject\",\"inLanguage\":\"fi\",\"@id\":\"https:\/\/uudetsivut.kehonhuoltopiste.fi\/#\/schema\/logo\/image\/\",\"url\":\"https:\/\/uudetsivut.kehonhuoltopiste.fi\/wp-content\/uploads\/2024\/09\/Fixme_tummaharmaa_valkoinen-e1559033632965.png\",\"contentUrl\":\"https:\/\/uudetsivut.kehonhuoltopiste.fi\/wp-content\/uploads\/2024\/09\/Fixme_tummaharmaa_valkoinen-e1559033632965.png\",\"width\":150,\"height\":150,\"caption\":\"Kehonhuoltopiste Fixme\"},\"image\":{\"@id\":\"https:\/\/uudetsivut.kehonhuoltopiste.fi\/#\/schema\/logo\/image\/\"},\"sameAs\":[\"https:\/\/www.facebook.com\/kehonhuoltopiste\/\",\"https:\/\/www.instagram.com\/kehonhuoltopistefixme\/\"]}]}<\/script>\n<!-- \/ Yoast SEO plugin. -->","yoast_head_json":{"title":"Harri H\u00e4m\u00e4l\u00e4inen - Kehonhuoltopiste Fixme","robots":{"index":"index","follow":"follow","max-snippet":"max-snippet:-1","max-image-preview":"max-image-preview:large","max-video-preview":"max-video-preview:-1"},"canonical":"https:\/\/uudetsivut.kehonhuoltopiste.fi\/?page_id=123","og_locale":"fi_FI","og_type":"article","og_title":"Harri H\u00e4m\u00e4l\u00e4inen - Kehonhuoltopiste Fixme","og_description":"Koulutettu hieroja Olen koulutukseltani koulutettu hieroja sek\u00e4 palomies. Palomiehen\u00e4 olen toiminut vuodesta 2008 l\u00e4htien. Koulutetuksi hierojaksi valmistuin hierontakoulu Atlaksesta ja koulutuksen valinnaisena osana olen suorittanut niveltoiminnan edist\u00e4misen osion. Urheilua olen harrastanut koko ik\u00e4ni. Lajitaustaa l\u00f6ytyy mm. pes\u00e4pallosta, j\u00e4\u00e4kiekosta ja kamppailulajeista. T\u00e4st\u00e4 johtuen olenkin aina ollut todella kiinnostunut hyvinvoinnista ja siit\u00e4 miten ihmiskeho toimii. Jos kaipaatRead More","og_url":"https:\/\/uudetsivut.kehonhuoltopiste.fi\/?page_id=123","og_site_name":"Kehonhuoltopiste Fixme","article_publisher":"https:\/\/www.facebook.com\/kehonhuoltopiste\/","article_modified_time":"2024-09-25T21:11:37+00:00","twitter_card":"summary_large_image","schema":{"@context":"https:\/\/schema.org","@graph":[{"@type":"WebPage","@id":"https:\/\/uudetsivut.kehonhuoltopiste.fi\/?page_id=123","url":"https:\/\/uudetsivut.kehonhuoltopiste.fi\/?page_id=123","name":"Harri H\u00e4m\u00e4l\u00e4inen - Kehonhuoltopiste Fixme","isPartOf":{"@id":"https:\/\/uudetsivut.kehonhuoltopiste.fi\/#website"},"datePublished":"2024-09-25T21:09:19+00:00","dateModified":"2024-09-25T21:11:37+00:00","breadcrumb":{"@id":"https:\/\/uudetsivut.kehonhuoltopiste.fi\/?page_id=123#breadcrumb"},"inLanguage":"fi","potentialAction":[{"@type":"ReadAction","target":["https:\/\/uudetsivut.kehonhuoltopiste.fi\/?page_id=123"]}]},{"@type":"BreadcrumbList","@id":"https:\/\/uudetsivut.kehonhuoltopiste.fi\/?page_id=123#breadcrumb","itemListElement":[{"@type":"ListItem","position":1,"name":"Etusivu","item":"https:\/\/uudetsivut.kehonhuoltopiste.fi\/"},{"@type":"ListItem","position":2,"name":"Meid\u00e4n tiimi","item":"https:\/\/uudetsivut.kehonhuoltopiste.fi\/?page_id=19"},{"@type":"ListItem","position":3,"name":"Harri H\u00e4m\u00e4l\u00e4inen"}]},{"@type":"WebSite","@id":"https:\/\/uudetsivut.kehonhuoltopiste.fi\/#website","url":"https:\/\/uudetsivut.kehonhuoltopiste.fi\/","name":"Kehonhuoltopiste Fixme","description":"Hieronta, osteopatia, jalkaterapia, purentalihasten hoito","publisher":{"@id":"https:\/\/uudetsivut.kehonhuoltopiste.fi\/#organization"},"potentialAction":[{"@type":"SearchAction","target":{"@type":"EntryPoint","urlTemplate":"https:\/\/uudetsivut.kehonhuoltopiste.fi\/?s={search_term_string}"},"query-input":{"@type":"PropertyValueSpecification","valueRequired":true,"valueName":"search_term_string"}}],"inLanguage":"fi"},{"@type":"Organization","@id":"https:\/\/uudetsivut.kehonhuoltopiste.fi\/#organization","name":"Kehonhuoltopiste Fixme","url":"https:\/\/uudetsivut.kehonhuoltopiste.fi\/","logo":{"@type":"ImageObject","inLanguage":"fi","@id":"https:\/\/uudetsivut.kehonhuoltopiste.fi\/#\/schema\/logo\/image\/","url":"https:\/\/uudetsivut.kehonhuoltopiste.fi\/wp-content\/uploads\/2024\/09\/Fixme_tummaharmaa_valkoinen-e1559033632965.png","contentUrl":"https:\/\/uudetsivut.kehonhuoltopiste.fi\/wp-content\/uploads\/2024\/09\/Fixme_tummaharmaa_valkoinen-e1559033632965.png","width":150,"height":150,"caption":"Kehonhuoltopiste Fixme"},"image":{"@id":"https:\/\/uudetsivut.kehonhuoltopiste.fi\/#\/schema\/logo\/image\/"},"sameAs":["https:\/\/www.facebook.com\/kehonhuoltopiste\/","https:\/\/www.instagram.com\/kehonhuoltopistefixme\/"]}]}},"_links":{"self":[{"href":"https:\/\/uudetsivut.kehonhuoltopiste.fi\/index.php?rest_route=\/wp\/v2\/pages\/123"}],"collection":[{"href":"https:\/\/uudetsivut.kehonhuoltopiste.fi\/index.php?rest_route=\/wp\/v2\/pages"}],"about":[{"href":"https:\/\/uudetsivut.kehonhuoltopiste.fi\/index.php?rest_route=\/wp\/v2\/types\/page"}],"author":[{"embeddable":true,"href":"https:\/\/uudetsivut.kehonhuoltopiste.fi\/index.php?rest_route=\/wp\/v2\/users\/1"}],"replies":[{"embeddable":true,"href":"https:\/\/uudetsivut.kehonhuoltopiste.fi\/index.php?rest_route=%2Fwp%2Fv2%2Fcomments&post=123"}],"version-history":[{"count":1,"href":"https:\/\/uudetsivut.kehonhuoltopiste.fi\/index.php?rest_route=\/wp\/v2\/pages\/123\/revisions"}],"predecessor-version":[{"id":124,"href":"https:\/\/uudetsivut.kehonhuoltopiste.fi\/index.php?rest_route=\/wp\/v2\/pages\/123\/revisions\/124"}],"up":[{"embeddable":true,"href":"https:\/\/uudetsivut.kehonhuoltopiste.fi\/index.php?rest_route=\/wp\/v2\/pages\/19"}],"wp:attachment":[{"href":"https:\/\/uudetsivut.kehonhuoltopiste.fi\/index.php?rest_route=%2Fwp%2Fv2%2Fmedia&parent=123"}],"curies":[{"name":"wp","href":"https:\/\/api.w.org\/{rel}","templated":true}]}}