{"id":118,"date":"2024-09-25T21:05:36","date_gmt":"2024-09-25T21:05:36","guid":{"rendered":"http:\/\/uudetsivut.kehonhuoltopiste.fi\/?page_id=118"},"modified":"2024-09-25T21:06:08","modified_gmt":"2024-09-25T21:06:08","slug":"taija-durante","status":"publish","type":"page","link":"https:\/\/uudetsivut.kehonhuoltopiste.fi\/?page_id=118","title":{"rendered":"Taija Durante"},"content":{"rendered":"<h2 class=\"wp-block-heading\">Koulutettu hieroja, Sairaanhoitajaopiskelija<\/h2><p>Hei! Olen alkuper\u00e4iselt\u00e4 koulutukseltani kauppatieteiden maisteri ja ty\u00f6skennelty\u00e4ni useamman vuoden toimistopainotteisessa ty\u00f6ss\u00e4 suurkaupungin kiireen keskell\u00e4 aloin toivoa ihmisl\u00e4heisemp\u00e4\u00e4 ty\u00f6t\u00e4. Kiinnostus kehon hyvinvointia ja terveytt\u00e4 kohtaan ajoi minut hierojakouluun Turkuun, jonka ohella suoritin my\u00f6s\u00a0<a href=\"http:\/\/www.terveysverkko.fi\/paakoulutukset\/ravintovalmentaja\/\">FIHF Ravintovalmentaja -koulutuksen<\/a>. Kes\u00e4ll\u00e4 2017 avasin osteopaatti-siskoni Maritan kanssa t\u00e4m\u00e4nhetkisen Kehonhuoltopiste Fixmen hoitolan ja t\u00e4\u00e4ll\u00e4 olenkin viihtynyt jo 7 vuotta! Ikuinen opiskelija minussa ei kuitenkaan antanut periksi, vaan syksyll\u00e4 2023 aloitin sairaanhoitajaopinnot, joita suoritan nyt hierojan ty\u00f6ni ohella. <\/p><p>Otan asiakkaani vastaan aina yksil\u00f6in\u00e4 ja tavoitteenani on palvella juuri heit\u00e4 parhaalla mahdollisella tavalla. Vahvuuteni ovat niska-hartiaseudun j\u00e4nnitystilojen, p\u00e4\u00e4ns\u00e4rkyjen ja purentaelimist\u00f6n ongelmien hoidossa. Parasta t\u00e4ss\u00e4 ty\u00f6ss\u00e4 ovat ehdottomasti asiakkaat ja se, ett\u00e4 voin omalla ammattitaidollani auttaa heit\u00e4 voimaan paremmin. <\/p>","protected":false},"excerpt":{"rendered":"<p>Koulutettu hieroja, Sairaanhoitajaopiskelija Hei! Olen alkuper\u00e4iselt\u00e4 koulutukseltani kauppatieteiden maisteri ja ty\u00f6skennelty\u00e4ni useamman vuoden toimistopainotteisessa ty\u00f6ss\u00e4 suurkaupungin kiireen keskell\u00e4 aloin toivoa ihmisl\u00e4heisemp\u00e4\u00e4 ty\u00f6t\u00e4. Kiinnostus kehon hyvinvointia ja terveytt\u00e4 kohtaan ajoi minut hierojakouluun Turkuun, jonka ohella suoritin my\u00f6s\u00a0FIHF Ravintovalmentaja -koulutuksen. Kes\u00e4ll\u00e4 2017 avasin osteopaatti-siskoni Maritan kanssa t\u00e4m\u00e4nhetkisen Kehonhuoltopiste Fixmen hoitolan ja t\u00e4\u00e4ll\u00e4 olenkin viihtynyt jo 7 vuotta!<br \/><a class=\"btn btn-tislider blog-readmore\" href=\"https:\/\/uudetsivut.kehonhuoltopiste.fi\/?page_id=118\">Read More<\/a><\/p>\n","protected":false},"author":1,"featured_media":0,"parent":19,"menu_order":0,"comment_status":"closed","ping_status":"closed","template":"","meta":{"footnotes":""},"class_list":["post-118","page","type-page","status-publish","hentry"],"yoast_head":"<!-- This site is optimized with the Yoast SEO plugin v25.6 - https:\/\/yoast.com\/wordpress\/plugins\/seo\/ -->\n<title>Taija Durante - Kehonhuoltopiste Fixme<\/title>\n<meta name=\"robots\" content=\"index, follow, max-snippet:-1, max-image-preview:large, max-video-preview:-1\" \/>\n<link rel=\"canonical\" href=\"https:\/\/uudetsivut.kehonhuoltopiste.fi\/?page_id=118\" \/>\n<meta property=\"og:locale\" content=\"fi_FI\" \/>\n<meta property=\"og:type\" content=\"article\" \/>\n<meta property=\"og:title\" content=\"Taija Durante - Kehonhuoltopiste Fixme\" \/>\n<meta property=\"og:description\" content=\"Koulutettu hieroja, Sairaanhoitajaopiskelija Hei! Olen alkuper\u00e4iselt\u00e4 koulutukseltani kauppatieteiden maisteri ja ty\u00f6skennelty\u00e4ni useamman vuoden toimistopainotteisessa ty\u00f6ss\u00e4 suurkaupungin kiireen keskell\u00e4 aloin toivoa ihmisl\u00e4heisemp\u00e4\u00e4 ty\u00f6t\u00e4. Kiinnostus kehon hyvinvointia ja terveytt\u00e4 kohtaan ajoi minut hierojakouluun Turkuun, jonka ohella suoritin my\u00f6s\u00a0FIHF Ravintovalmentaja -koulutuksen. Kes\u00e4ll\u00e4 2017 avasin osteopaatti-siskoni Maritan kanssa t\u00e4m\u00e4nhetkisen Kehonhuoltopiste Fixmen hoitolan ja t\u00e4\u00e4ll\u00e4 olenkin viihtynyt jo 7 vuotta!Read More\" \/>\n<meta property=\"og:url\" content=\"https:\/\/uudetsivut.kehonhuoltopiste.fi\/?page_id=118\" \/>\n<meta property=\"og:site_name\" content=\"Kehonhuoltopiste Fixme\" \/>\n<meta property=\"article:publisher\" content=\"https:\/\/www.facebook.com\/kehonhuoltopiste\/\" \/>\n<meta property=\"article:modified_time\" content=\"2024-09-25T21:06:08+00:00\" \/>\n<meta name=\"twitter:card\" content=\"summary_large_image\" \/>\n<meta name=\"twitter:label1\" content=\"Arvioitu lukuaika\" \/>\n\t<meta name=\"twitter:data1\" content=\"1 minuutti\" \/>\n<script type=\"application\/ld+json\" class=\"yoast-schema-graph\">{\"@context\":\"https:\/\/schema.org\",\"@graph\":[{\"@type\":\"WebPage\",\"@id\":\"https:\/\/uudetsivut.kehonhuoltopiste.fi\/?page_id=118\",\"url\":\"https:\/\/uudetsivut.kehonhuoltopiste.fi\/?page_id=118\",\"name\":\"Taija Durante - Kehonhuoltopiste Fixme\",\"isPartOf\":{\"@id\":\"https:\/\/uudetsivut.kehonhuoltopiste.fi\/#website\"},\"datePublished\":\"2024-09-25T21:05:36+00:00\",\"dateModified\":\"2024-09-25T21:06:08+00:00\",\"breadcrumb\":{\"@id\":\"https:\/\/uudetsivut.kehonhuoltopiste.fi\/?page_id=118#breadcrumb\"},\"inLanguage\":\"fi\",\"potentialAction\":[{\"@type\":\"ReadAction\",\"target\":[\"https:\/\/uudetsivut.kehonhuoltopiste.fi\/?page_id=118\"]}]},{\"@type\":\"BreadcrumbList\",\"@id\":\"https:\/\/uudetsivut.kehonhuoltopiste.fi\/?page_id=118#breadcrumb\",\"itemListElement\":[{\"@type\":\"ListItem\",\"position\":1,\"name\":\"Etusivu\",\"item\":\"https:\/\/uudetsivut.kehonhuoltopiste.fi\/\"},{\"@type\":\"ListItem\",\"position\":2,\"name\":\"Meid\u00e4n tiimi\",\"item\":\"https:\/\/uudetsivut.kehonhuoltopiste.fi\/?page_id=19\"},{\"@type\":\"ListItem\",\"position\":3,\"name\":\"Taija Durante\"}]},{\"@type\":\"WebSite\",\"@id\":\"https:\/\/uudetsivut.kehonhuoltopiste.fi\/#website\",\"url\":\"https:\/\/uudetsivut.kehonhuoltopiste.fi\/\",\"name\":\"Kehonhuoltopiste Fixme\",\"description\":\"Hieronta, osteopatia, jalkaterapia, purentalihasten hoito\",\"publisher\":{\"@id\":\"https:\/\/uudetsivut.kehonhuoltopiste.fi\/#organization\"},\"potentialAction\":[{\"@type\":\"SearchAction\",\"target\":{\"@type\":\"EntryPoint\",\"urlTemplate\":\"https:\/\/uudetsivut.kehonhuoltopiste.fi\/?s={search_term_string}\"},\"query-input\":{\"@type\":\"PropertyValueSpecification\",\"valueRequired\":true,\"valueName\":\"search_term_string\"}}],\"inLanguage\":\"fi\"},{\"@type\":\"Organization\",\"@id\":\"https:\/\/uudetsivut.kehonhuoltopiste.fi\/#organization\",\"name\":\"Kehonhuoltopiste Fixme\",\"url\":\"https:\/\/uudetsivut.kehonhuoltopiste.fi\/\",\"logo\":{\"@type\":\"ImageObject\",\"inLanguage\":\"fi\",\"@id\":\"https:\/\/uudetsivut.kehonhuoltopiste.fi\/#\/schema\/logo\/image\/\",\"url\":\"https:\/\/uudetsivut.kehonhuoltopiste.fi\/wp-content\/uploads\/2024\/09\/Fixme_tummaharmaa_valkoinen-e1559033632965.png\",\"contentUrl\":\"https:\/\/uudetsivut.kehonhuoltopiste.fi\/wp-content\/uploads\/2024\/09\/Fixme_tummaharmaa_valkoinen-e1559033632965.png\",\"width\":150,\"height\":150,\"caption\":\"Kehonhuoltopiste Fixme\"},\"image\":{\"@id\":\"https:\/\/uudetsivut.kehonhuoltopiste.fi\/#\/schema\/logo\/image\/\"},\"sameAs\":[\"https:\/\/www.facebook.com\/kehonhuoltopiste\/\",\"https:\/\/www.instagram.com\/kehonhuoltopistefixme\/\"]}]}<\/script>\n<!-- \/ Yoast SEO plugin. -->","yoast_head_json":{"title":"Taija Durante - Kehonhuoltopiste Fixme","robots":{"index":"index","follow":"follow","max-snippet":"max-snippet:-1","max-image-preview":"max-image-preview:large","max-video-preview":"max-video-preview:-1"},"canonical":"https:\/\/uudetsivut.kehonhuoltopiste.fi\/?page_id=118","og_locale":"fi_FI","og_type":"article","og_title":"Taija Durante - Kehonhuoltopiste Fixme","og_description":"Koulutettu hieroja, Sairaanhoitajaopiskelija Hei! Olen alkuper\u00e4iselt\u00e4 koulutukseltani kauppatieteiden maisteri ja ty\u00f6skennelty\u00e4ni useamman vuoden toimistopainotteisessa ty\u00f6ss\u00e4 suurkaupungin kiireen keskell\u00e4 aloin toivoa ihmisl\u00e4heisemp\u00e4\u00e4 ty\u00f6t\u00e4. Kiinnostus kehon hyvinvointia ja terveytt\u00e4 kohtaan ajoi minut hierojakouluun Turkuun, jonka ohella suoritin my\u00f6s\u00a0FIHF Ravintovalmentaja -koulutuksen. Kes\u00e4ll\u00e4 2017 avasin osteopaatti-siskoni Maritan kanssa t\u00e4m\u00e4nhetkisen Kehonhuoltopiste Fixmen hoitolan ja t\u00e4\u00e4ll\u00e4 olenkin viihtynyt jo 7 vuotta!Read More","og_url":"https:\/\/uudetsivut.kehonhuoltopiste.fi\/?page_id=118","og_site_name":"Kehonhuoltopiste Fixme","article_publisher":"https:\/\/www.facebook.com\/kehonhuoltopiste\/","article_modified_time":"2024-09-25T21:06:08+00:00","twitter_card":"summary_large_image","twitter_misc":{"Arvioitu lukuaika":"1 minuutti"},"schema":{"@context":"https:\/\/schema.org","@graph":[{"@type":"WebPage","@id":"https:\/\/uudetsivut.kehonhuoltopiste.fi\/?page_id=118","url":"https:\/\/uudetsivut.kehonhuoltopiste.fi\/?page_id=118","name":"Taija Durante - Kehonhuoltopiste Fixme","isPartOf":{"@id":"https:\/\/uudetsivut.kehonhuoltopiste.fi\/#website"},"datePublished":"2024-09-25T21:05:36+00:00","dateModified":"2024-09-25T21:06:08+00:00","breadcrumb":{"@id":"https:\/\/uudetsivut.kehonhuoltopiste.fi\/?page_id=118#breadcrumb"},"inLanguage":"fi","potentialAction":[{"@type":"ReadAction","target":["https:\/\/uudetsivut.kehonhuoltopiste.fi\/?page_id=118"]}]},{"@type":"BreadcrumbList","@id":"https:\/\/uudetsivut.kehonhuoltopiste.fi\/?page_id=118#breadcrumb","itemListElement":[{"@type":"ListItem","position":1,"name":"Etusivu","item":"https:\/\/uudetsivut.kehonhuoltopiste.fi\/"},{"@type":"ListItem","position":2,"name":"Meid\u00e4n tiimi","item":"https:\/\/uudetsivut.kehonhuoltopiste.fi\/?page_id=19"},{"@type":"ListItem","position":3,"name":"Taija Durante"}]},{"@type":"WebSite","@id":"https:\/\/uudetsivut.kehonhuoltopiste.fi\/#website","url":"https:\/\/uudetsivut.kehonhuoltopiste.fi\/","name":"Kehonhuoltopiste Fixme","description":"Hieronta, osteopatia, jalkaterapia, purentalihasten hoito","publisher":{"@id":"https:\/\/uudetsivut.kehonhuoltopiste.fi\/#organization"},"potentialAction":[{"@type":"SearchAction","target":{"@type":"EntryPoint","urlTemplate":"https:\/\/uudetsivut.kehonhuoltopiste.fi\/?s={search_term_string}"},"query-input":{"@type":"PropertyValueSpecification","valueRequired":true,"valueName":"search_term_string"}}],"inLanguage":"fi"},{"@type":"Organization","@id":"https:\/\/uudetsivut.kehonhuoltopiste.fi\/#organization","name":"Kehonhuoltopiste Fixme","url":"https:\/\/uudetsivut.kehonhuoltopiste.fi\/","logo":{"@type":"ImageObject","inLanguage":"fi","@id":"https:\/\/uudetsivut.kehonhuoltopiste.fi\/#\/schema\/logo\/image\/","url":"https:\/\/uudetsivut.kehonhuoltopiste.fi\/wp-content\/uploads\/2024\/09\/Fixme_tummaharmaa_valkoinen-e1559033632965.png","contentUrl":"https:\/\/uudetsivut.kehonhuoltopiste.fi\/wp-content\/uploads\/2024\/09\/Fixme_tummaharmaa_valkoinen-e1559033632965.png","width":150,"height":150,"caption":"Kehonhuoltopiste Fixme"},"image":{"@id":"https:\/\/uudetsivut.kehonhuoltopiste.fi\/#\/schema\/logo\/image\/"},"sameAs":["https:\/\/www.facebook.com\/kehonhuoltopiste\/","https:\/\/www.instagram.com\/kehonhuoltopistefixme\/"]}]}},"_links":{"self":[{"href":"https:\/\/uudetsivut.kehonhuoltopiste.fi\/index.php?rest_route=\/wp\/v2\/pages\/118"}],"collection":[{"href":"https:\/\/uudetsivut.kehonhuoltopiste.fi\/index.php?rest_route=\/wp\/v2\/pages"}],"about":[{"href":"https:\/\/uudetsivut.kehonhuoltopiste.fi\/index.php?rest_route=\/wp\/v2\/types\/page"}],"author":[{"embeddable":true,"href":"https:\/\/uudetsivut.kehonhuoltopiste.fi\/index.php?rest_route=\/wp\/v2\/users\/1"}],"replies":[{"embeddable":true,"href":"https:\/\/uudetsivut.kehonhuoltopiste.fi\/index.php?rest_route=%2Fwp%2Fv2%2Fcomments&post=118"}],"version-history":[{"count":1,"href":"https:\/\/uudetsivut.kehonhuoltopiste.fi\/index.php?rest_route=\/wp\/v2\/pages\/118\/revisions"}],"predecessor-version":[{"id":119,"href":"https:\/\/uudetsivut.kehonhuoltopiste.fi\/index.php?rest_route=\/wp\/v2\/pages\/118\/revisions\/119"}],"up":[{"embeddable":true,"href":"https:\/\/uudetsivut.kehonhuoltopiste.fi\/index.php?rest_route=\/wp\/v2\/pages\/19"}],"wp:attachment":[{"href":"https:\/\/uudetsivut.kehonhuoltopiste.fi\/index.php?rest_route=%2Fwp%2Fv2%2Fmedia&parent=118"}],"curies":[{"name":"wp","href":"https:\/\/api.w.org\/{rel}","templated":true}]}}