{"id":104,"date":"2024-09-25T20:18:32","date_gmt":"2024-09-25T20:18:32","guid":{"rendered":"http:\/\/uudetsivut.kehonhuoltopiste.fi\/?page_id=104"},"modified":"2024-09-25T20:19:00","modified_gmt":"2024-09-25T20:19:00","slug":"purentalihasten-hoito-2","status":"publish","type":"page","link":"https:\/\/uudetsivut.kehonhuoltopiste.fi\/?page_id=104","title":{"rendered":"Purentalihasten hoito"},"content":{"rendered":"<p><strong>Purentalihasten hoidolla<\/strong>&nbsp;voidaan hoitaa purentaelimist\u00f6\u00f6n liittyvi\u00e4 lihasper\u00e4isi\u00e4 vaivoja, kuten rajoittuneita suun liikkeit\u00e4, p\u00e4\u00e4ns\u00e4rky\u00e4, selitt\u00e4m\u00e4t\u00f6nt\u00e4 hammass\u00e4rky\u00e4, tinnitusta ja kasvokipua. My\u00f6s niska-hartiaseudun vaivat usein helpottavat s\u00e4\u00e4nn\u00f6llisen purentalihasten hoidon my\u00f6t\u00e4. Purentaelimist\u00f6n h\u00e4iri\u00f6st\u00e4 k\u00e4rsiv\u00e4 ei v\u00e4ltt\u00e4m\u00e4tt\u00e4 itse tied\u00e4 oireiden syyt\u00e4 ja usein purentalihasten hoitoon tullaan esimerkiksi hammasl\u00e4\u00e4k\u00e4rin tai hierojan suosittelemana.&nbsp;<\/p><p>Ensimm\u00e4inen purentalihasten hoito alkaa haastattelulla ja purentaelimist\u00f6n tutkimisella, jonka j\u00e4lkeen hoidetaan purentaelimist\u00f6\u00f6n liittyvi\u00e4 pehmytkudoksia koko p\u00e4\u00e4n, kasvojen sek\u00e4 niskan ja kaulan alueilla. Osana hoitoa on purentalihasten k\u00e4sittely suun sis\u00e4puolelta ja tarvittaessa hoidetaan my\u00f6s rintalihaksia ja hartiaseutua.&nbsp;<\/p><p>Purentalihasten hoito sopii kaikille, jotka kokevat j\u00e4nnityksen tunnetta kasvojen, p\u00e4\u00e4n ja niskan alueilla ja on usein sopiva hoitomuoto toistuvien p\u00e4\u00e4ns\u00e4rkyjen helpottamiseksi. Ensimm\u00e4iseksi hoitokerraksi on hyv\u00e4 varata 60 minuutin pituinen hoitoaika.&nbsp;<\/p>","protected":false},"excerpt":{"rendered":"<p>Purentalihasten hoidolla&nbsp;voidaan hoitaa purentaelimist\u00f6\u00f6n liittyvi\u00e4 lihasper\u00e4isi\u00e4 vaivoja, kuten rajoittuneita suun liikkeit\u00e4, p\u00e4\u00e4ns\u00e4rky\u00e4, selitt\u00e4m\u00e4t\u00f6nt\u00e4 hammass\u00e4rky\u00e4, tinnitusta ja kasvokipua. My\u00f6s niska-hartiaseudun vaivat usein helpottavat s\u00e4\u00e4nn\u00f6llisen purentalihasten hoidon my\u00f6t\u00e4. Purentaelimist\u00f6n h\u00e4iri\u00f6st\u00e4 k\u00e4rsiv\u00e4 ei v\u00e4ltt\u00e4m\u00e4tt\u00e4 itse tied\u00e4 oireiden syyt\u00e4 ja usein purentalihasten hoitoon tullaan esimerkiksi hammasl\u00e4\u00e4k\u00e4rin tai hierojan suosittelemana.&nbsp; Ensimm\u00e4inen purentalihasten hoito alkaa haastattelulla ja purentaelimist\u00f6n tutkimisella, jonka j\u00e4lkeen<br \/><a class=\"btn btn-tislider blog-readmore\" href=\"https:\/\/uudetsivut.kehonhuoltopiste.fi\/?page_id=104\">Read More<\/a><\/p>\n","protected":false},"author":1,"featured_media":0,"parent":18,"menu_order":0,"comment_status":"closed","ping_status":"closed","template":"","meta":{"footnotes":""},"class_list":["post-104","page","type-page","status-publish","hentry"],"yoast_head":"<!-- This site is optimized with the Yoast SEO plugin v25.6 - https:\/\/yoast.com\/wordpress\/plugins\/seo\/ -->\n<title>Purentalihasten hoito - Kehonhuoltopiste Fixme<\/title>\n<meta name=\"robots\" content=\"index, follow, max-snippet:-1, max-image-preview:large, max-video-preview:-1\" \/>\n<link rel=\"canonical\" href=\"https:\/\/uudetsivut.kehonhuoltopiste.fi\/?page_id=104\" \/>\n<meta property=\"og:locale\" content=\"fi_FI\" \/>\n<meta property=\"og:type\" content=\"article\" \/>\n<meta property=\"og:title\" content=\"Purentalihasten hoito - Kehonhuoltopiste Fixme\" \/>\n<meta property=\"og:description\" content=\"Purentalihasten hoidolla&nbsp;voidaan hoitaa purentaelimist\u00f6\u00f6n liittyvi\u00e4 lihasper\u00e4isi\u00e4 vaivoja, kuten rajoittuneita suun liikkeit\u00e4, p\u00e4\u00e4ns\u00e4rky\u00e4, selitt\u00e4m\u00e4t\u00f6nt\u00e4 hammass\u00e4rky\u00e4, tinnitusta ja kasvokipua. My\u00f6s niska-hartiaseudun vaivat usein helpottavat s\u00e4\u00e4nn\u00f6llisen purentalihasten hoidon my\u00f6t\u00e4. Purentaelimist\u00f6n h\u00e4iri\u00f6st\u00e4 k\u00e4rsiv\u00e4 ei v\u00e4ltt\u00e4m\u00e4tt\u00e4 itse tied\u00e4 oireiden syyt\u00e4 ja usein purentalihasten hoitoon tullaan esimerkiksi hammasl\u00e4\u00e4k\u00e4rin tai hierojan suosittelemana.&nbsp; Ensimm\u00e4inen purentalihasten hoito alkaa haastattelulla ja purentaelimist\u00f6n tutkimisella, jonka j\u00e4lkeenRead More\" \/>\n<meta property=\"og:url\" content=\"https:\/\/uudetsivut.kehonhuoltopiste.fi\/?page_id=104\" \/>\n<meta property=\"og:site_name\" content=\"Kehonhuoltopiste Fixme\" \/>\n<meta property=\"article:publisher\" content=\"https:\/\/www.facebook.com\/kehonhuoltopiste\/\" \/>\n<meta property=\"article:modified_time\" content=\"2024-09-25T20:19:00+00:00\" \/>\n<meta name=\"twitter:card\" content=\"summary_large_image\" \/>\n<meta name=\"twitter:label1\" content=\"Arvioitu lukuaika\" \/>\n\t<meta name=\"twitter:data1\" content=\"1 minuutti\" \/>\n<script type=\"application\/ld+json\" class=\"yoast-schema-graph\">{\"@context\":\"https:\/\/schema.org\",\"@graph\":[{\"@type\":\"WebPage\",\"@id\":\"https:\/\/uudetsivut.kehonhuoltopiste.fi\/?page_id=104\",\"url\":\"https:\/\/uudetsivut.kehonhuoltopiste.fi\/?page_id=104\",\"name\":\"Purentalihasten hoito - Kehonhuoltopiste Fixme\",\"isPartOf\":{\"@id\":\"https:\/\/uudetsivut.kehonhuoltopiste.fi\/#website\"},\"datePublished\":\"2024-09-25T20:18:32+00:00\",\"dateModified\":\"2024-09-25T20:19:00+00:00\",\"breadcrumb\":{\"@id\":\"https:\/\/uudetsivut.kehonhuoltopiste.fi\/?page_id=104#breadcrumb\"},\"inLanguage\":\"fi\",\"potentialAction\":[{\"@type\":\"ReadAction\",\"target\":[\"https:\/\/uudetsivut.kehonhuoltopiste.fi\/?page_id=104\"]}]},{\"@type\":\"BreadcrumbList\",\"@id\":\"https:\/\/uudetsivut.kehonhuoltopiste.fi\/?page_id=104#breadcrumb\",\"itemListElement\":[{\"@type\":\"ListItem\",\"position\":1,\"name\":\"Etusivu\",\"item\":\"https:\/\/uudetsivut.kehonhuoltopiste.fi\/\"},{\"@type\":\"ListItem\",\"position\":2,\"name\":\"Palvelut\",\"item\":\"https:\/\/uudetsivut.kehonhuoltopiste.fi\/?page_id=18\"},{\"@type\":\"ListItem\",\"position\":3,\"name\":\"Purentalihasten hoito\"}]},{\"@type\":\"WebSite\",\"@id\":\"https:\/\/uudetsivut.kehonhuoltopiste.fi\/#website\",\"url\":\"https:\/\/uudetsivut.kehonhuoltopiste.fi\/\",\"name\":\"Kehonhuoltopiste Fixme\",\"description\":\"Hieronta, osteopatia, jalkaterapia, purentalihasten hoito\",\"publisher\":{\"@id\":\"https:\/\/uudetsivut.kehonhuoltopiste.fi\/#organization\"},\"potentialAction\":[{\"@type\":\"SearchAction\",\"target\":{\"@type\":\"EntryPoint\",\"urlTemplate\":\"https:\/\/uudetsivut.kehonhuoltopiste.fi\/?s={search_term_string}\"},\"query-input\":{\"@type\":\"PropertyValueSpecification\",\"valueRequired\":true,\"valueName\":\"search_term_string\"}}],\"inLanguage\":\"fi\"},{\"@type\":\"Organization\",\"@id\":\"https:\/\/uudetsivut.kehonhuoltopiste.fi\/#organization\",\"name\":\"Kehonhuoltopiste Fixme\",\"url\":\"https:\/\/uudetsivut.kehonhuoltopiste.fi\/\",\"logo\":{\"@type\":\"ImageObject\",\"inLanguage\":\"fi\",\"@id\":\"https:\/\/uudetsivut.kehonhuoltopiste.fi\/#\/schema\/logo\/image\/\",\"url\":\"https:\/\/uudetsivut.kehonhuoltopiste.fi\/wp-content\/uploads\/2024\/09\/Fixme_tummaharmaa_valkoinen-e1559033632965.png\",\"contentUrl\":\"https:\/\/uudetsivut.kehonhuoltopiste.fi\/wp-content\/uploads\/2024\/09\/Fixme_tummaharmaa_valkoinen-e1559033632965.png\",\"width\":150,\"height\":150,\"caption\":\"Kehonhuoltopiste Fixme\"},\"image\":{\"@id\":\"https:\/\/uudetsivut.kehonhuoltopiste.fi\/#\/schema\/logo\/image\/\"},\"sameAs\":[\"https:\/\/www.facebook.com\/kehonhuoltopiste\/\",\"https:\/\/www.instagram.com\/kehonhuoltopistefixme\/\"]}]}<\/script>\n<!-- \/ Yoast SEO plugin. -->","yoast_head_json":{"title":"Purentalihasten hoito - Kehonhuoltopiste Fixme","robots":{"index":"index","follow":"follow","max-snippet":"max-snippet:-1","max-image-preview":"max-image-preview:large","max-video-preview":"max-video-preview:-1"},"canonical":"https:\/\/uudetsivut.kehonhuoltopiste.fi\/?page_id=104","og_locale":"fi_FI","og_type":"article","og_title":"Purentalihasten hoito - Kehonhuoltopiste Fixme","og_description":"Purentalihasten hoidolla&nbsp;voidaan hoitaa purentaelimist\u00f6\u00f6n liittyvi\u00e4 lihasper\u00e4isi\u00e4 vaivoja, kuten rajoittuneita suun liikkeit\u00e4, p\u00e4\u00e4ns\u00e4rky\u00e4, selitt\u00e4m\u00e4t\u00f6nt\u00e4 hammass\u00e4rky\u00e4, tinnitusta ja kasvokipua. My\u00f6s niska-hartiaseudun vaivat usein helpottavat s\u00e4\u00e4nn\u00f6llisen purentalihasten hoidon my\u00f6t\u00e4. Purentaelimist\u00f6n h\u00e4iri\u00f6st\u00e4 k\u00e4rsiv\u00e4 ei v\u00e4ltt\u00e4m\u00e4tt\u00e4 itse tied\u00e4 oireiden syyt\u00e4 ja usein purentalihasten hoitoon tullaan esimerkiksi hammasl\u00e4\u00e4k\u00e4rin tai hierojan suosittelemana.&nbsp; Ensimm\u00e4inen purentalihasten hoito alkaa haastattelulla ja purentaelimist\u00f6n tutkimisella, jonka j\u00e4lkeenRead More","og_url":"https:\/\/uudetsivut.kehonhuoltopiste.fi\/?page_id=104","og_site_name":"Kehonhuoltopiste Fixme","article_publisher":"https:\/\/www.facebook.com\/kehonhuoltopiste\/","article_modified_time":"2024-09-25T20:19:00+00:00","twitter_card":"summary_large_image","twitter_misc":{"Arvioitu lukuaika":"1 minuutti"},"schema":{"@context":"https:\/\/schema.org","@graph":[{"@type":"WebPage","@id":"https:\/\/uudetsivut.kehonhuoltopiste.fi\/?page_id=104","url":"https:\/\/uudetsivut.kehonhuoltopiste.fi\/?page_id=104","name":"Purentalihasten hoito - Kehonhuoltopiste Fixme","isPartOf":{"@id":"https:\/\/uudetsivut.kehonhuoltopiste.fi\/#website"},"datePublished":"2024-09-25T20:18:32+00:00","dateModified":"2024-09-25T20:19:00+00:00","breadcrumb":{"@id":"https:\/\/uudetsivut.kehonhuoltopiste.fi\/?page_id=104#breadcrumb"},"inLanguage":"fi","potentialAction":[{"@type":"ReadAction","target":["https:\/\/uudetsivut.kehonhuoltopiste.fi\/?page_id=104"]}]},{"@type":"BreadcrumbList","@id":"https:\/\/uudetsivut.kehonhuoltopiste.fi\/?page_id=104#breadcrumb","itemListElement":[{"@type":"ListItem","position":1,"name":"Etusivu","item":"https:\/\/uudetsivut.kehonhuoltopiste.fi\/"},{"@type":"ListItem","position":2,"name":"Palvelut","item":"https:\/\/uudetsivut.kehonhuoltopiste.fi\/?page_id=18"},{"@type":"ListItem","position":3,"name":"Purentalihasten hoito"}]},{"@type":"WebSite","@id":"https:\/\/uudetsivut.kehonhuoltopiste.fi\/#website","url":"https:\/\/uudetsivut.kehonhuoltopiste.fi\/","name":"Kehonhuoltopiste Fixme","description":"Hieronta, osteopatia, jalkaterapia, purentalihasten hoito","publisher":{"@id":"https:\/\/uudetsivut.kehonhuoltopiste.fi\/#organization"},"potentialAction":[{"@type":"SearchAction","target":{"@type":"EntryPoint","urlTemplate":"https:\/\/uudetsivut.kehonhuoltopiste.fi\/?s={search_term_string}"},"query-input":{"@type":"PropertyValueSpecification","valueRequired":true,"valueName":"search_term_string"}}],"inLanguage":"fi"},{"@type":"Organization","@id":"https:\/\/uudetsivut.kehonhuoltopiste.fi\/#organization","name":"Kehonhuoltopiste Fixme","url":"https:\/\/uudetsivut.kehonhuoltopiste.fi\/","logo":{"@type":"ImageObject","inLanguage":"fi","@id":"https:\/\/uudetsivut.kehonhuoltopiste.fi\/#\/schema\/logo\/image\/","url":"https:\/\/uudetsivut.kehonhuoltopiste.fi\/wp-content\/uploads\/2024\/09\/Fixme_tummaharmaa_valkoinen-e1559033632965.png","contentUrl":"https:\/\/uudetsivut.kehonhuoltopiste.fi\/wp-content\/uploads\/2024\/09\/Fixme_tummaharmaa_valkoinen-e1559033632965.png","width":150,"height":150,"caption":"Kehonhuoltopiste Fixme"},"image":{"@id":"https:\/\/uudetsivut.kehonhuoltopiste.fi\/#\/schema\/logo\/image\/"},"sameAs":["https:\/\/www.facebook.com\/kehonhuoltopiste\/","https:\/\/www.instagram.com\/kehonhuoltopistefixme\/"]}]}},"_links":{"self":[{"href":"https:\/\/uudetsivut.kehonhuoltopiste.fi\/index.php?rest_route=\/wp\/v2\/pages\/104"}],"collection":[{"href":"https:\/\/uudetsivut.kehonhuoltopiste.fi\/index.php?rest_route=\/wp\/v2\/pages"}],"about":[{"href":"https:\/\/uudetsivut.kehonhuoltopiste.fi\/index.php?rest_route=\/wp\/v2\/types\/page"}],"author":[{"embeddable":true,"href":"https:\/\/uudetsivut.kehonhuoltopiste.fi\/index.php?rest_route=\/wp\/v2\/users\/1"}],"replies":[{"embeddable":true,"href":"https:\/\/uudetsivut.kehonhuoltopiste.fi\/index.php?rest_route=%2Fwp%2Fv2%2Fcomments&post=104"}],"version-history":[{"count":1,"href":"https:\/\/uudetsivut.kehonhuoltopiste.fi\/index.php?rest_route=\/wp\/v2\/pages\/104\/revisions"}],"predecessor-version":[{"id":105,"href":"https:\/\/uudetsivut.kehonhuoltopiste.fi\/index.php?rest_route=\/wp\/v2\/pages\/104\/revisions\/105"}],"up":[{"embeddable":true,"href":"https:\/\/uudetsivut.kehonhuoltopiste.fi\/index.php?rest_route=\/wp\/v2\/pages\/18"}],"wp:attachment":[{"href":"https:\/\/uudetsivut.kehonhuoltopiste.fi\/index.php?rest_route=%2Fwp%2Fv2%2Fmedia&parent=104"}],"curies":[{"name":"wp","href":"https:\/\/api.w.org\/{rel}","templated":true}]}}